{"id":8351,"date":"2025-02-05T22:32:26","date_gmt":"2025-02-05T22:32:26","guid":{"rendered":"https:\/\/2arent.al\/?post_type=product&#038;p=8351"},"modified":"2025-02-07T02:40:57","modified_gmt":"2025-02-07T02:40:57","slug":"vw-jetta","status":"publish","type":"product","link":"https:\/\/2arent.al\/sq\/product\/vw-jetta\/","title":{"rendered":"VW Jetta"},"content":{"rendered":"<p>N\u00ebse jeni duke k\u00ebrkuar p\u00ebr nj\u00eb aventur\u00eb t\u00eb p\u00ebrditshme p\u00ebr t\u00eb b\u00ebr\u00eb snowboard, ski, s\u00ebrf ose \u00e7ikliz\u00ebm malor, at\u00ebher\u00eb Tiguan me turbocharged me performanc\u00eb t\u00eb lart\u00eb me modelin 4MOTION me t\u00eb gjitha rrotat e disponueshme mund t&#8217;i p\u00ebrshtatet n\u00eb m\u00ebnyr\u00eb t\u00eb p\u00ebrsosur nevojave tuaja. \u00cbsht\u00eb teknologjik, i hijsh\u00ebm dhe i mbushur me opsionet m\u00eb t\u00eb fundit miq\u00ebsore me veg\u00ebl, si\u2026<\/p>\n<p>Sistemi i navigimit i disponuesh\u00ebm i VW Tiguan 2017<br \/>\nSistemi audio i navigimit me ekran me prekje me kamer\u00eb rezerv\u00eb me pamje t\u00eb pasme<br \/>\nSistemi Audio Premium Fender Hi-Fidelity.<br \/>\nTeknologjia me val\u00eb s\u00eb bashku me transmetimin e muzik\u00ebs p\u00ebr pajisjet e p\u00ebrputhshme si BlackBerry ose Smart Phone juaj.<br \/>\nRadio satelitore XM me an\u00ebtar\u00ebsim prov\u00eb tre mujore pa kosto shtes\u00eb.<br \/>\n4 cilindra 2.0L TS! Motorri 200 kuaj fuqi.<br \/>\nTransmision automatik me 6 shpejt\u00ebsi.<br \/>\n20 mpg t\u00eb qytetit dhe 24 milje autostrade p\u00ebr gallon.<br \/>\n207 lb-ft \u00e7ift rrotullues.<br \/>\nNj\u00eb pezullim i rregulluar sportiv si nj\u00eb opsion i ofruar p\u00ebr kontroll t\u00eb jasht\u00ebzakonsh\u00ebm t\u00eb udh\u00ebtimit.<\/p>\n<p>Opsionet e mundshme t\u00eb disponueshme p\u00ebr t\u00eb ardhmen e VW Tiguan<\/p>\n<p>Volkswagen i ka treguar publikut n\u00eb shfaqjet e p\u00ebrzgjedhura t\u00eb automjeteve se \u00ebsht\u00eb Tiguan GTE plug-in hibrid. \ud83d\ude31 Ky model GTE ofron nj\u00eb motor me gaz 1.4 litra TSI t\u00eb shoq\u00ebruar me nj\u00eb motor elektrik t\u00eb montuar n\u00eb transmision.<\/p>\n<p>Me nj\u00eb bateri 13 kWh (Kilovat-or\u00eb) q\u00eb gjeneron 215 kuaj fuqi t\u00eb kombinuara nga termocentralet e kombinatit do t&#8217;i jap\u00eb nj\u00eb fuqi t\u00eb madhe Tiguan-it t\u00eb VW.<\/p>\n<p>https:\/\/youtu.be\/63-7kilAjsw<\/p>\n<p>P\u00ebrve\u00e7 k\u00ebsaj automjeti do t\u00eb vij\u00eb me panele diellore, e gjith\u00eb gjat\u00ebsia e \u00e7atis\u00eb, e cila pretendohet se e ndihmon k\u00ebt\u00eb automjet t\u00eb marr\u00eb 621 milje ngarje elektrike, gj\u00eb q\u00eb \u00ebsht\u00eb \u00e7menduri q\u00eb tani!<\/p>\n<p>VW gjithashtu deklaron se modeli i past\u00ebr elektrik do t\u00eb marr\u00eb 31 milje nga elektriciteti i past\u00ebr dhe do t\u00eb jet\u00eb n\u00eb gjendje t\u00eb udh\u00ebtoj\u00eb me shpejt\u00ebsi 80 milje n\u00eb or\u00eb.<\/p>\n<p>Nuk e di p\u00ebr ju, por m\u00eb duket shum\u00eb interesante duke pasur parasysh se si kan\u00eb qen\u00eb numrat e past\u00ebr elektrik\u00eb me automjete si Prius Plug-in i Toyota-s, Chevy Volt dhe linj\u00ebn e automjeteve Telsa. Mendoni se do t\u00eb duhet t\u00eb shohim se cili \u00ebsht\u00eb vendimi pasi k\u00ebto automjete t\u00eb bien n\u00eb tok\u00eb.<\/p>\n<p>Volkswagen 4MOTION me t\u00eb gjitha rrotat \u00ebsht\u00eb perfekt p\u00ebr bor\u00ebn<\/p>\n<p>Funksione t\u00eb tjera t\u00eb jashtme t\u00eb Tiguan 2017 nga Volkswagen.<\/p>\n<p>P\u00ebr nj\u00eb pamje m\u00eb t\u00eb past\u00ebr, mund t\u00eb p\u00ebrdorni rrotat e aliazhit 16 in\u00e7 ose t\u00eb zgjidhni nj\u00eb rrot\u00eb dhe goma m\u00eb t\u00eb m\u00ebdha si rrotat 17 in\u00e7, 18 in\u00e7 ose ndoshta edhe 19 in\u00e7.<\/p>\n<p>Fener\u00ebt Bi-Xenon me drita LED gjat\u00eb dit\u00ebs p\u00ebr nj\u00eb gam\u00eb m\u00eb t\u00eb gjall\u00eb drite p\u00ebr t\u00eb ndihmuar n\u00eb p\u00ebrmir\u00ebsimin e dukshm\u00ebris\u00eb n\u00eb drejtimin e mesit t\u00eb nat\u00ebs. N\u00eb k\u00ebt\u00eb m\u00ebnyr\u00eb syt\u00eb tuaj do t\u00eb ken\u00eb shum\u00eb m\u00eb pak tendosje p\u00ebr t\u00eb par\u00eb rrug\u00ebn. P\u00ebr m\u00eb tep\u00ebr, dritat e mjegull\u00ebs ndez\u00ebn nga k\u00ebndi p\u00ebr dukshm\u00ebri m\u00eb t\u00eb p\u00ebrmir\u00ebsuar n\u00eb rrethana me drit\u00eb t\u00eb reduktuar.<\/p>\n<p>Nd\u00ebrtimi i kafazit t\u00eb siguris\u00eb s\u00eb VW<\/p>\n<p>Pra, sa i sigurt \u00ebsht\u00eb Tiguan i VW p\u00ebr 2017?<\/p>\n<p>Ka 7 Sisteme p\u00ebr Rritjen e Stabilitetit n\u00eb VW Tiguan t\u00eb ri 2017.<\/p>\n<p>Kontrolli Elektronik i Stabilitetit mund t\u00eb rirregulloj\u00eb energjin\u00eb nga motori p\u00ebr t\u00eb aplikuar sasin\u00eb e duhur t\u00eb fuqis\u00eb dhe rrotullimit n\u00eb secil\u00ebn rrot\u00eb.<br \/>\n&#8211; Sistemi inteligjent i reagimit ndaj p\u00ebrplasjes, i cili n\u00eb rast p\u00ebrplasjeje do t\u00eb hapen jast\u00ebk\u00ebt e ajrit dhe ICRS do t\u00eb fik\u00eb pomp\u00ebn e karburantit, do t\u00eb zhbllokoj\u00eb dyert tuaja dhe do t\u00eb ndez\u00eb automatikisht dritat tuaja t\u00eb rrezikut.<br \/>\n&#8211; Sistemi automatik i frenimit pas p\u00ebrplasjes, n\u00eb rast t\u00eb p\u00ebrplasjes ndonj\u00ebher\u00eb makina juaj nuk ndalet. Kjo \u00ebsht\u00eb arsyeja pse makinat Volkswagen p\u00ebrfshijn\u00eb Sistemin Automatik t\u00eb Frenimit pas P\u00ebrplasjes p\u00ebr t\u00eb ndihmuar n\u00eb ndalimin e automjetit tuaj pas nj\u00eb p\u00ebrplasjeje, duke ndihmuar n\u00eb uljen e gjasave t\u00eb shtuara p\u00ebr nj\u00eb tjet\u00ebr p\u00ebrplasje.<br \/>\n&#8211; Shp\u00ebrndarja Elektronike e Presionit t\u00eb Frenimit q\u00eb ndihmon fuqin\u00eb e duhur t\u00eb frenimit t\u00eb nevojshme kur jeni n\u00eb nj\u00eb skenar t\u00eb fort\u00eb frenimi.<br \/>\n&#8211; Tharja e diskut t\u00eb frenimit \u2014 N\u00eb stuhi shiu, frenat e diskut do t\u00eb thahen duke p\u00ebrdorur fshir\u00ebset e xhamit t\u00eb p\u00ebrparm\u00eb p\u00ebr t\u00eb ndezur sistemin p\u00ebr fuqi frenimi edhe m\u00eb t\u00eb sigurt n\u00eb shi\u2026<\/p>\n","protected":false},"excerpt":{"rendered":"<div class=\"css-1l4w6pd e1c3m9of7\">Volkswagen Tiguan 2017-2020 ka 1 Motor Diesel n\u00eb ofert\u00eb. Motori me naft\u00eb \u00ebsht\u00eb 1968 cc. \u00cbsht\u00eb i disponuesh\u00ebm me transmision automatik. N\u00eb var\u00ebsi t\u00eb variantit dhe llojit t\u00eb karburantit, Tiguan 2017-2020 ka nj\u00eb kilometrazh prej 16,65 kmpl dhe pastrimi nga toka i Tiguan 2017-2020 \u00ebsht\u00eb 149 mm. Tiguan 2017-2020 \u00ebsht\u00eb nj\u00eb makin\u00eb me 4 cilindra me 5 vende dhe ka gjat\u00ebsi 4486 mm, gjer\u00ebsi 1839 mm dhe nj\u00eb baz\u00eb rrote 2677 mm.<\/div>\n","protected":false},"featured_media":8422,"comment_status":"open","ping_status":"closed","template":"","meta":[],"product_brand":[],"product_cat":[52],"product_tag":[],"class_list":{"0":"post-8351","1":"product","2":"type-product","3":"status-publish","4":"has-post-thumbnail","6":"product_cat-suv-sq","8":"first","9":"instock","10":"shipping-taxable","11":"purchasable","12":"product-type-ovabrw_car_rental"},"yoast_head":"<!-- This site is optimized with the Yoast SEO plugin v27.3 - https:\/\/yoast.com\/product\/yoast-seo-wordpress\/ -->\n<title>VW Jetta - 2a Rent<\/title>\n<meta name=\"robots\" content=\"index, follow, max-snippet:-1, max-image-preview:large, max-video-preview:-1\" \/>\n<link rel=\"canonical\" href=\"https:\/\/2arent.al\/sq\/product\/vw-jetta\/\" \/>\n<meta property=\"og:locale\" content=\"sq_AL\" \/>\n<meta property=\"og:type\" content=\"article\" \/>\n<meta property=\"og:title\" content=\"VW Jetta - 2a Rent\" \/>\n<meta property=\"og:description\" content=\"Volkswagen Tiguan 2017-2020 ka 1 Motor Diesel n\u00eb ofert\u00eb. Motori me naft\u00eb \u00ebsht\u00eb 1968 cc. \u00cbsht\u00eb i disponuesh\u00ebm me transmision automatik. N\u00eb var\u00ebsi t\u00eb variantit dhe llojit t\u00eb karburantit, Tiguan 2017-2020 ka nj\u00eb kilometrazh prej 16,65 kmpl dhe pastrimi nga toka i Tiguan 2017-2020 \u00ebsht\u00eb 149 mm. Tiguan 2017-2020 \u00ebsht\u00eb nj\u00eb makin\u00eb me 4 cilindra me 5 vende dhe ka gjat\u00ebsi 4486 mm, gjer\u00ebsi 1839 mm dhe nj\u00eb baz\u00eb rrote 2677 mm.\" \/>\n<meta property=\"og:url\" content=\"https:\/\/2arent.al\/sq\/product\/vw-jetta\/\" \/>\n<meta property=\"og:site_name\" content=\"2a Rent\" \/>\n<meta property=\"article:modified_time\" content=\"2025-02-07T02:40:57+00:00\" \/>\n<meta property=\"og:image\" content=\"https:\/\/2arent.al\/wp-content\/uploads\/2025\/02\/335882_2018_Volkswagen_Jetta.avif\" \/>\n\t<meta property=\"og:image:width\" content=\"1920\" \/>\n\t<meta property=\"og:image:height\" content=\"1200\" \/>\n\t<meta property=\"og:image:type\" content=\"image\/jpeg\" \/>\n<meta name=\"twitter:card\" content=\"summary_large_image\" \/>\n<meta name=\"twitter:label1\" content=\"Est. reading time\" \/>\n\t<meta name=\"twitter:data1\" content=\"4 minutes\" \/>\n<script type=\"application\/ld+json\" class=\"yoast-schema-graph\">{\"@context\":\"https:\\\/\\\/schema.org\",\"@graph\":[{\"@type\":\"WebPage\",\"@id\":\"https:\\\/\\\/2arent.al\\\/sq\\\/product\\\/vw-jetta\\\/\",\"url\":\"https:\\\/\\\/2arent.al\\\/sq\\\/product\\\/vw-jetta\\\/\",\"name\":\"VW Jetta - 2a Rent\",\"isPartOf\":{\"@id\":\"https:\\\/\\\/2arent.al\\\/sq\\\/#website\"},\"primaryImageOfPage\":{\"@id\":\"https:\\\/\\\/2arent.al\\\/sq\\\/product\\\/vw-jetta\\\/#primaryimage\"},\"image\":{\"@id\":\"https:\\\/\\\/2arent.al\\\/sq\\\/product\\\/vw-jetta\\\/#primaryimage\"},\"thumbnailUrl\":\"https:\\\/\\\/2arent.al\\\/wp-content\\\/uploads\\\/2025\\\/02\\\/335882_2018_Volkswagen_Jetta.avif\",\"datePublished\":\"2025-02-05T22:32:26+00:00\",\"dateModified\":\"2025-02-07T02:40:57+00:00\",\"breadcrumb\":{\"@id\":\"https:\\\/\\\/2arent.al\\\/sq\\\/product\\\/vw-jetta\\\/#breadcrumb\"},\"inLanguage\":\"sq-AL\",\"potentialAction\":[{\"@type\":\"ReadAction\",\"target\":[\"https:\\\/\\\/2arent.al\\\/sq\\\/product\\\/vw-jetta\\\/\"]}]},{\"@type\":\"ImageObject\",\"inLanguage\":\"sq-AL\",\"@id\":\"https:\\\/\\\/2arent.al\\\/sq\\\/product\\\/vw-jetta\\\/#primaryimage\",\"url\":\"https:\\\/\\\/2arent.al\\\/wp-content\\\/uploads\\\/2025\\\/02\\\/335882_2018_Volkswagen_Jetta.avif\",\"contentUrl\":\"https:\\\/\\\/2arent.al\\\/wp-content\\\/uploads\\\/2025\\\/02\\\/335882_2018_Volkswagen_Jetta.avif\",\"width\":1920,\"height\":1200},{\"@type\":\"BreadcrumbList\",\"@id\":\"https:\\\/\\\/2arent.al\\\/sq\\\/product\\\/vw-jetta\\\/#breadcrumb\",\"itemListElement\":[{\"@type\":\"ListItem\",\"position\":1,\"name\":\"Home\",\"item\":\"https:\\\/\\\/2arent.al\\\/sq\\\/\"},{\"@type\":\"ListItem\",\"position\":2,\"name\":\"Shop\",\"item\":\"https:\\\/\\\/2arent.al\\\/sq\\\/dyqan-2\\\/\"},{\"@type\":\"ListItem\",\"position\":3,\"name\":\"VW Jetta\"}]},{\"@type\":\"WebSite\",\"@id\":\"https:\\\/\\\/2arent.al\\\/sq\\\/#website\",\"url\":\"https:\\\/\\\/2arent.al\\\/sq\\\/\",\"name\":\"2a Rent\",\"description\":\"\",\"publisher\":{\"@id\":\"https:\\\/\\\/2arent.al\\\/sq\\\/#organization\"},\"potentialAction\":[{\"@type\":\"SearchAction\",\"target\":{\"@type\":\"EntryPoint\",\"urlTemplate\":\"https:\\\/\\\/2arent.al\\\/sq\\\/?s={search_term_string}\"},\"query-input\":{\"@type\":\"PropertyValueSpecification\",\"valueRequired\":true,\"valueName\":\"search_term_string\"}}],\"inLanguage\":\"sq-AL\"},{\"@type\":\"Organization\",\"@id\":\"https:\\\/\\\/2arent.al\\\/sq\\\/#organization\",\"name\":\"2a Rent\",\"url\":\"https:\\\/\\\/2arent.al\\\/sq\\\/\",\"logo\":{\"@type\":\"ImageObject\",\"inLanguage\":\"sq-AL\",\"@id\":\"https:\\\/\\\/2arent.al\\\/sq\\\/#\\\/schema\\\/logo\\\/image\\\/\",\"url\":\"https:\\\/\\\/2arent.al\\\/wp-content\\\/uploads\\\/2023\\\/10\\\/logo2arent.png\",\"contentUrl\":\"https:\\\/\\\/2arent.al\\\/wp-content\\\/uploads\\\/2023\\\/10\\\/logo2arent.png\",\"width\":326,\"height\":155,\"caption\":\"2a Rent\"},\"image\":{\"@id\":\"https:\\\/\\\/2arent.al\\\/sq\\\/#\\\/schema\\\/logo\\\/image\\\/\"}}]}<\/script>\n<!-- \/ Yoast SEO plugin. -->","yoast_head_json":{"title":"VW Jetta - 2a Rent","robots":{"index":"index","follow":"follow","max-snippet":"max-snippet:-1","max-image-preview":"max-image-preview:large","max-video-preview":"max-video-preview:-1"},"canonical":"https:\/\/2arent.al\/sq\/product\/vw-jetta\/","og_locale":"sq_AL","og_type":"article","og_title":"VW Jetta - 2a Rent","og_description":"Volkswagen Tiguan 2017-2020 ka 1 Motor Diesel n\u00eb ofert\u00eb. Motori me naft\u00eb \u00ebsht\u00eb 1968 cc. \u00cbsht\u00eb i disponuesh\u00ebm me transmision automatik. N\u00eb var\u00ebsi t\u00eb variantit dhe llojit t\u00eb karburantit, Tiguan 2017-2020 ka nj\u00eb kilometrazh prej 16,65 kmpl dhe pastrimi nga toka i Tiguan 2017-2020 \u00ebsht\u00eb 149 mm. Tiguan 2017-2020 \u00ebsht\u00eb nj\u00eb makin\u00eb me 4 cilindra me 5 vende dhe ka gjat\u00ebsi 4486 mm, gjer\u00ebsi 1839 mm dhe nj\u00eb baz\u00eb rrote 2677 mm.","og_url":"https:\/\/2arent.al\/sq\/product\/vw-jetta\/","og_site_name":"2a Rent","article_modified_time":"2025-02-07T02:40:57+00:00","og_image":[{"width":1920,"height":1200,"url":"https:\/\/2arent.al\/wp-content\/uploads\/2025\/02\/335882_2018_Volkswagen_Jetta.avif","type":"image\/jpeg"}],"twitter_card":"summary_large_image","twitter_misc":{"Est. reading time":"4 minutes"},"schema":{"@context":"https:\/\/schema.org","@graph":[{"@type":"WebPage","@id":"https:\/\/2arent.al\/sq\/product\/vw-jetta\/","url":"https:\/\/2arent.al\/sq\/product\/vw-jetta\/","name":"VW Jetta - 2a Rent","isPartOf":{"@id":"https:\/\/2arent.al\/sq\/#website"},"primaryImageOfPage":{"@id":"https:\/\/2arent.al\/sq\/product\/vw-jetta\/#primaryimage"},"image":{"@id":"https:\/\/2arent.al\/sq\/product\/vw-jetta\/#primaryimage"},"thumbnailUrl":"https:\/\/2arent.al\/wp-content\/uploads\/2025\/02\/335882_2018_Volkswagen_Jetta.avif","datePublished":"2025-02-05T22:32:26+00:00","dateModified":"2025-02-07T02:40:57+00:00","breadcrumb":{"@id":"https:\/\/2arent.al\/sq\/product\/vw-jetta\/#breadcrumb"},"inLanguage":"sq-AL","potentialAction":[{"@type":"ReadAction","target":["https:\/\/2arent.al\/sq\/product\/vw-jetta\/"]}]},{"@type":"ImageObject","inLanguage":"sq-AL","@id":"https:\/\/2arent.al\/sq\/product\/vw-jetta\/#primaryimage","url":"https:\/\/2arent.al\/wp-content\/uploads\/2025\/02\/335882_2018_Volkswagen_Jetta.avif","contentUrl":"https:\/\/2arent.al\/wp-content\/uploads\/2025\/02\/335882_2018_Volkswagen_Jetta.avif","width":1920,"height":1200},{"@type":"BreadcrumbList","@id":"https:\/\/2arent.al\/sq\/product\/vw-jetta\/#breadcrumb","itemListElement":[{"@type":"ListItem","position":1,"name":"Home","item":"https:\/\/2arent.al\/sq\/"},{"@type":"ListItem","position":2,"name":"Shop","item":"https:\/\/2arent.al\/sq\/dyqan-2\/"},{"@type":"ListItem","position":3,"name":"VW Jetta"}]},{"@type":"WebSite","@id":"https:\/\/2arent.al\/sq\/#website","url":"https:\/\/2arent.al\/sq\/","name":"2a Rent","description":"","publisher":{"@id":"https:\/\/2arent.al\/sq\/#organization"},"potentialAction":[{"@type":"SearchAction","target":{"@type":"EntryPoint","urlTemplate":"https:\/\/2arent.al\/sq\/?s={search_term_string}"},"query-input":{"@type":"PropertyValueSpecification","valueRequired":true,"valueName":"search_term_string"}}],"inLanguage":"sq-AL"},{"@type":"Organization","@id":"https:\/\/2arent.al\/sq\/#organization","name":"2a Rent","url":"https:\/\/2arent.al\/sq\/","logo":{"@type":"ImageObject","inLanguage":"sq-AL","@id":"https:\/\/2arent.al\/sq\/#\/schema\/logo\/image\/","url":"https:\/\/2arent.al\/wp-content\/uploads\/2023\/10\/logo2arent.png","contentUrl":"https:\/\/2arent.al\/wp-content\/uploads\/2023\/10\/logo2arent.png","width":326,"height":155,"caption":"2a Rent"},"image":{"@id":"https:\/\/2arent.al\/sq\/#\/schema\/logo\/image\/"}}]}},"_links":{"self":[{"href":"https:\/\/2arent.al\/sq\/wp-json\/wp\/v2\/product\/8351","targetHints":{"allow":["GET"]}}],"collection":[{"href":"https:\/\/2arent.al\/sq\/wp-json\/wp\/v2\/product"}],"about":[{"href":"https:\/\/2arent.al\/sq\/wp-json\/wp\/v2\/types\/product"}],"replies":[{"embeddable":true,"href":"https:\/\/2arent.al\/sq\/wp-json\/wp\/v2\/comments?post=8351"}],"version-history":[{"count":3,"href":"https:\/\/2arent.al\/sq\/wp-json\/wp\/v2\/product\/8351\/revisions"}],"predecessor-version":[{"id":8355,"href":"https:\/\/2arent.al\/sq\/wp-json\/wp\/v2\/product\/8351\/revisions\/8355"}],"wp:featuredmedia":[{"embeddable":true,"href":"https:\/\/2arent.al\/sq\/wp-json\/wp\/v2\/media\/8422"}],"wp:attachment":[{"href":"https:\/\/2arent.al\/sq\/wp-json\/wp\/v2\/media?parent=8351"}],"wp:term":[{"taxonomy":"product_brand","embeddable":true,"href":"https:\/\/2arent.al\/sq\/wp-json\/wp\/v2\/product_brand?post=8351"},{"taxonomy":"product_cat","embeddable":true,"href":"https:\/\/2arent.al\/sq\/wp-json\/wp\/v2\/product_cat?post=8351"},{"taxonomy":"product_tag","embeddable":true,"href":"https:\/\/2arent.al\/sq\/wp-json\/wp\/v2\/product_tag?post=8351"}],"curies":[{"name":"wp","href":"https:\/\/api.w.org\/{rel}","templated":true}]}}