{"id":7955,"date":"2023-11-10T03:52:14","date_gmt":"2023-11-10T03:52:14","guid":{"rendered":"https:\/\/2arent.al\/product\/cabriolet-sr-limited-2\/"},"modified":"2025-09-01T01:55:24","modified_gmt":"2025-09-01T01:55:24","slug":"kia-pro-ceed","status":"publish","type":"product","link":"https:\/\/2arent.al\/sq\/product\/kia-pro-ceed\/","title":{"rendered":"Kia Pro Ceed"},"content":{"rendered":"<p>Kia Pro_cee&#8217;d GT \u00ebsht\u00eb nj\u00eb makin\u00eb historike p\u00ebr mark\u00ebn, dhe makina m\u00eb e mir\u00eb nga Koreja (n\u00ebp\u00ebrmjet Evrop\u00ebs) nuk ka asnj\u00eb. M\u00eb e r\u00ebnd\u00ebsishmja p\u00ebr bler\u00ebsit n\u00eb klas\u00ebn e makinave t\u00eb vogla, mungesa e dyerve t\u00eb pasme dhe me p\u00ebrjashtim t\u00eb automjeteve, ai ofron nj\u00eb p\u00ebrzierje kohezive t\u00eb stilit, dhom\u00ebs, sportivitetit dhe komoditetit.<\/p>\n","protected":false},"excerpt":{"rendered":"<p>Kia Pro_cee&#8217;d GT \u00ebsht\u00eb nj\u00eb makin\u00eb historike p\u00ebr mark\u00ebn, dhe makina m\u00eb e mir\u00eb nga Koreja (n\u00ebp\u00ebrmjet Evrop\u00ebs) nuk ka asnj\u00eb. M\u00eb e r\u00ebnd\u00ebsishmja p\u00ebr bler\u00ebsit n\u00eb klas\u00ebn e makinave t\u00eb vogla, mungesa e dyerve t\u00eb pasme dhe me p\u00ebrjashtim t\u00eb automjeteve, ai ofron nj\u00eb p\u00ebrzierje kohezive t\u00eb stilit, dhom\u00ebs, sportivitetit dhe komoditetit.<\/p>\n","protected":false},"featured_media":8299,"comment_status":"open","ping_status":"closed","template":"","meta":[],"product_brand":[],"product_cat":[97],"product_tag":[51],"class_list":{"0":"post-7955","1":"product","2":"type-product","3":"status-publish","4":"has-post-thumbnail","6":"product_cat-kompakt","7":"product_tag-makina-me-qira","9":"first","10":"instock","11":"shipping-taxable","12":"purchasable","13":"product-type-ovabrw_car_rental"},"yoast_head":"<!-- This site is optimized with the Yoast SEO plugin v27.3 - https:\/\/yoast.com\/product\/yoast-seo-wordpress\/ -->\n<title>Kia Pro Ceed - 2a Rent<\/title>\n<meta name=\"robots\" content=\"index, follow, max-snippet:-1, max-image-preview:large, max-video-preview:-1\" \/>\n<link rel=\"canonical\" href=\"https:\/\/2arent.al\/sq\/product\/kia-pro-ceed\/\" \/>\n<meta property=\"og:locale\" content=\"sq_AL\" \/>\n<meta property=\"og:type\" content=\"article\" \/>\n<meta property=\"og:title\" content=\"Kia Pro Ceed - 2a Rent\" \/>\n<meta property=\"og:description\" content=\"Kia Pro_cee&#039;d GT \u00ebsht\u00eb nj\u00eb makin\u00eb historike p\u00ebr mark\u00ebn, dhe makina m\u00eb e mir\u00eb nga Koreja (n\u00ebp\u00ebrmjet Evrop\u00ebs) nuk ka asnj\u00eb. M\u00eb e r\u00ebnd\u00ebsishmja p\u00ebr bler\u00ebsit n\u00eb klas\u00ebn e makinave t\u00eb vogla, mungesa e dyerve t\u00eb pasme dhe me p\u00ebrjashtim t\u00eb automjeteve, ai ofron nj\u00eb p\u00ebrzierje kohezive t\u00eb stilit, dhom\u00ebs, sportivitetit dhe komoditetit.\" \/>\n<meta property=\"og:url\" content=\"https:\/\/2arent.al\/sq\/product\/kia-pro-ceed\/\" \/>\n<meta property=\"og:site_name\" content=\"2a Rent\" \/>\n<meta property=\"article:modified_time\" content=\"2025-09-01T01:55:24+00:00\" \/>\n<meta property=\"og:image\" content=\"https:\/\/2arent.al\/wp-content\/uploads\/2023\/11\/2016-kia-gt-5-door-dynamic-020-1.webp\" \/>\n\t<meta property=\"og:image:width\" content=\"1000\" \/>\n\t<meta property=\"og:image:height\" content=\"686\" \/>\n\t<meta property=\"og:image:type\" content=\"image\/jpeg\" \/>\n<meta name=\"twitter:card\" content=\"summary_large_image\" \/>\n<script type=\"application\/ld+json\" class=\"yoast-schema-graph\">{\"@context\":\"https:\\\/\\\/schema.org\",\"@graph\":[{\"@type\":\"WebPage\",\"@id\":\"https:\\\/\\\/2arent.al\\\/sq\\\/product\\\/kia-pro-ceed\\\/\",\"url\":\"https:\\\/\\\/2arent.al\\\/sq\\\/product\\\/kia-pro-ceed\\\/\",\"name\":\"Kia Pro Ceed - 2a Rent\",\"isPartOf\":{\"@id\":\"https:\\\/\\\/2arent.al\\\/sq\\\/#website\"},\"primaryImageOfPage\":{\"@id\":\"https:\\\/\\\/2arent.al\\\/sq\\\/product\\\/kia-pro-ceed\\\/#primaryimage\"},\"image\":{\"@id\":\"https:\\\/\\\/2arent.al\\\/sq\\\/product\\\/kia-pro-ceed\\\/#primaryimage\"},\"thumbnailUrl\":\"https:\\\/\\\/2arent.al\\\/wp-content\\\/uploads\\\/2023\\\/11\\\/2016-kia-gt-5-door-dynamic-020-1.webp\",\"datePublished\":\"2023-11-10T03:52:14+00:00\",\"dateModified\":\"2025-09-01T01:55:24+00:00\",\"breadcrumb\":{\"@id\":\"https:\\\/\\\/2arent.al\\\/sq\\\/product\\\/kia-pro-ceed\\\/#breadcrumb\"},\"inLanguage\":\"sq-AL\",\"potentialAction\":[{\"@type\":\"ReadAction\",\"target\":[\"https:\\\/\\\/2arent.al\\\/sq\\\/product\\\/kia-pro-ceed\\\/\"]}]},{\"@type\":\"ImageObject\",\"inLanguage\":\"sq-AL\",\"@id\":\"https:\\\/\\\/2arent.al\\\/sq\\\/product\\\/kia-pro-ceed\\\/#primaryimage\",\"url\":\"https:\\\/\\\/2arent.al\\\/wp-content\\\/uploads\\\/2023\\\/11\\\/2016-kia-gt-5-door-dynamic-020-1.webp\",\"contentUrl\":\"https:\\\/\\\/2arent.al\\\/wp-content\\\/uploads\\\/2023\\\/11\\\/2016-kia-gt-5-door-dynamic-020-1.webp\",\"width\":1000,\"height\":686},{\"@type\":\"BreadcrumbList\",\"@id\":\"https:\\\/\\\/2arent.al\\\/sq\\\/product\\\/kia-pro-ceed\\\/#breadcrumb\",\"itemListElement\":[{\"@type\":\"ListItem\",\"position\":1,\"name\":\"Home\",\"item\":\"https:\\\/\\\/2arent.al\\\/sq\\\/\"},{\"@type\":\"ListItem\",\"position\":2,\"name\":\"Shop\",\"item\":\"https:\\\/\\\/2arent.al\\\/sq\\\/dyqan-2\\\/\"},{\"@type\":\"ListItem\",\"position\":3,\"name\":\"Kia Pro Ceed\"}]},{\"@type\":\"WebSite\",\"@id\":\"https:\\\/\\\/2arent.al\\\/sq\\\/#website\",\"url\":\"https:\\\/\\\/2arent.al\\\/sq\\\/\",\"name\":\"2a Rent\",\"description\":\"\",\"publisher\":{\"@id\":\"https:\\\/\\\/2arent.al\\\/sq\\\/#organization\"},\"potentialAction\":[{\"@type\":\"SearchAction\",\"target\":{\"@type\":\"EntryPoint\",\"urlTemplate\":\"https:\\\/\\\/2arent.al\\\/sq\\\/?s={search_term_string}\"},\"query-input\":{\"@type\":\"PropertyValueSpecification\",\"valueRequired\":true,\"valueName\":\"search_term_string\"}}],\"inLanguage\":\"sq-AL\"},{\"@type\":\"Organization\",\"@id\":\"https:\\\/\\\/2arent.al\\\/sq\\\/#organization\",\"name\":\"2a Rent\",\"url\":\"https:\\\/\\\/2arent.al\\\/sq\\\/\",\"logo\":{\"@type\":\"ImageObject\",\"inLanguage\":\"sq-AL\",\"@id\":\"https:\\\/\\\/2arent.al\\\/sq\\\/#\\\/schema\\\/logo\\\/image\\\/\",\"url\":\"https:\\\/\\\/2arent.al\\\/wp-content\\\/uploads\\\/2023\\\/10\\\/logo2arent.png\",\"contentUrl\":\"https:\\\/\\\/2arent.al\\\/wp-content\\\/uploads\\\/2023\\\/10\\\/logo2arent.png\",\"width\":326,\"height\":155,\"caption\":\"2a Rent\"},\"image\":{\"@id\":\"https:\\\/\\\/2arent.al\\\/sq\\\/#\\\/schema\\\/logo\\\/image\\\/\"}}]}<\/script>\n<!-- \/ Yoast SEO plugin. -->","yoast_head_json":{"title":"Kia Pro Ceed - 2a Rent","robots":{"index":"index","follow":"follow","max-snippet":"max-snippet:-1","max-image-preview":"max-image-preview:large","max-video-preview":"max-video-preview:-1"},"canonical":"https:\/\/2arent.al\/sq\/product\/kia-pro-ceed\/","og_locale":"sq_AL","og_type":"article","og_title":"Kia Pro Ceed - 2a Rent","og_description":"Kia Pro_cee'd GT \u00ebsht\u00eb nj\u00eb makin\u00eb historike p\u00ebr mark\u00ebn, dhe makina m\u00eb e mir\u00eb nga Koreja (n\u00ebp\u00ebrmjet Evrop\u00ebs) nuk ka asnj\u00eb. M\u00eb e r\u00ebnd\u00ebsishmja p\u00ebr bler\u00ebsit n\u00eb klas\u00ebn e makinave t\u00eb vogla, mungesa e dyerve t\u00eb pasme dhe me p\u00ebrjashtim t\u00eb automjeteve, ai ofron nj\u00eb p\u00ebrzierje kohezive t\u00eb stilit, dhom\u00ebs, sportivitetit dhe komoditetit.","og_url":"https:\/\/2arent.al\/sq\/product\/kia-pro-ceed\/","og_site_name":"2a Rent","article_modified_time":"2025-09-01T01:55:24+00:00","og_image":[{"width":1000,"height":686,"url":"https:\/\/2arent.al\/wp-content\/uploads\/2023\/11\/2016-kia-gt-5-door-dynamic-020-1.webp","type":"image\/jpeg"}],"twitter_card":"summary_large_image","schema":{"@context":"https:\/\/schema.org","@graph":[{"@type":"WebPage","@id":"https:\/\/2arent.al\/sq\/product\/kia-pro-ceed\/","url":"https:\/\/2arent.al\/sq\/product\/kia-pro-ceed\/","name":"Kia Pro Ceed - 2a Rent","isPartOf":{"@id":"https:\/\/2arent.al\/sq\/#website"},"primaryImageOfPage":{"@id":"https:\/\/2arent.al\/sq\/product\/kia-pro-ceed\/#primaryimage"},"image":{"@id":"https:\/\/2arent.al\/sq\/product\/kia-pro-ceed\/#primaryimage"},"thumbnailUrl":"https:\/\/2arent.al\/wp-content\/uploads\/2023\/11\/2016-kia-gt-5-door-dynamic-020-1.webp","datePublished":"2023-11-10T03:52:14+00:00","dateModified":"2025-09-01T01:55:24+00:00","breadcrumb":{"@id":"https:\/\/2arent.al\/sq\/product\/kia-pro-ceed\/#breadcrumb"},"inLanguage":"sq-AL","potentialAction":[{"@type":"ReadAction","target":["https:\/\/2arent.al\/sq\/product\/kia-pro-ceed\/"]}]},{"@type":"ImageObject","inLanguage":"sq-AL","@id":"https:\/\/2arent.al\/sq\/product\/kia-pro-ceed\/#primaryimage","url":"https:\/\/2arent.al\/wp-content\/uploads\/2023\/11\/2016-kia-gt-5-door-dynamic-020-1.webp","contentUrl":"https:\/\/2arent.al\/wp-content\/uploads\/2023\/11\/2016-kia-gt-5-door-dynamic-020-1.webp","width":1000,"height":686},{"@type":"BreadcrumbList","@id":"https:\/\/2arent.al\/sq\/product\/kia-pro-ceed\/#breadcrumb","itemListElement":[{"@type":"ListItem","position":1,"name":"Home","item":"https:\/\/2arent.al\/sq\/"},{"@type":"ListItem","position":2,"name":"Shop","item":"https:\/\/2arent.al\/sq\/dyqan-2\/"},{"@type":"ListItem","position":3,"name":"Kia Pro Ceed"}]},{"@type":"WebSite","@id":"https:\/\/2arent.al\/sq\/#website","url":"https:\/\/2arent.al\/sq\/","name":"2a Rent","description":"","publisher":{"@id":"https:\/\/2arent.al\/sq\/#organization"},"potentialAction":[{"@type":"SearchAction","target":{"@type":"EntryPoint","urlTemplate":"https:\/\/2arent.al\/sq\/?s={search_term_string}"},"query-input":{"@type":"PropertyValueSpecification","valueRequired":true,"valueName":"search_term_string"}}],"inLanguage":"sq-AL"},{"@type":"Organization","@id":"https:\/\/2arent.al\/sq\/#organization","name":"2a Rent","url":"https:\/\/2arent.al\/sq\/","logo":{"@type":"ImageObject","inLanguage":"sq-AL","@id":"https:\/\/2arent.al\/sq\/#\/schema\/logo\/image\/","url":"https:\/\/2arent.al\/wp-content\/uploads\/2023\/10\/logo2arent.png","contentUrl":"https:\/\/2arent.al\/wp-content\/uploads\/2023\/10\/logo2arent.png","width":326,"height":155,"caption":"2a Rent"},"image":{"@id":"https:\/\/2arent.al\/sq\/#\/schema\/logo\/image\/"}}]}},"_links":{"self":[{"href":"https:\/\/2arent.al\/sq\/wp-json\/wp\/v2\/product\/7955","targetHints":{"allow":["GET"]}}],"collection":[{"href":"https:\/\/2arent.al\/sq\/wp-json\/wp\/v2\/product"}],"about":[{"href":"https:\/\/2arent.al\/sq\/wp-json\/wp\/v2\/types\/product"}],"replies":[{"embeddable":true,"href":"https:\/\/2arent.al\/sq\/wp-json\/wp\/v2\/comments?post=7955"}],"version-history":[{"count":4,"href":"https:\/\/2arent.al\/sq\/wp-json\/wp\/v2\/product\/7955\/revisions"}],"predecessor-version":[{"id":8341,"href":"https:\/\/2arent.al\/sq\/wp-json\/wp\/v2\/product\/7955\/revisions\/8341"}],"wp:featuredmedia":[{"embeddable":true,"href":"https:\/\/2arent.al\/sq\/wp-json\/wp\/v2\/media\/8299"}],"wp:attachment":[{"href":"https:\/\/2arent.al\/sq\/wp-json\/wp\/v2\/media?parent=7955"}],"wp:term":[{"taxonomy":"product_brand","embeddable":true,"href":"https:\/\/2arent.al\/sq\/wp-json\/wp\/v2\/product_brand?post=7955"},{"taxonomy":"product_cat","embeddable":true,"href":"https:\/\/2arent.al\/sq\/wp-json\/wp\/v2\/product_cat?post=7955"},{"taxonomy":"product_tag","embeddable":true,"href":"https:\/\/2arent.al\/sq\/wp-json\/wp\/v2\/product_tag?post=7955"}],"curies":[{"name":"wp","href":"https:\/\/api.w.org\/{rel}","templated":true}]}}