{"id":7357,"date":"2023-10-30T04:18:20","date_gmt":"2023-10-30T04:18:20","guid":{"rendered":"https:\/\/2arent.al\/product\/sedan-rsv-s6\/"},"modified":"2025-05-29T17:45:44","modified_gmt":"2025-05-29T17:45:44","slug":"vw-transport","status":"publish","type":"product","link":"https:\/\/2arent.al\/sq\/product\/vw-transport\/","title":{"rendered":"VM Transporter"},"content":{"rendered":"<ul>\n<li>Automjete sportive me m\u00eb shum\u00eb hap\u00ebsir\u00eb \u200b\u200bdhe aft\u00ebsi jasht\u00eb rrug\u00ebs.<\/li>\n<li>E shk\u00eblqyeshme p\u00ebr familjet, aktivitetet n\u00eb natyr\u00eb ose terrenin e ashp\u00ebr.<\/li>\n<\/ul>\n","protected":false},"excerpt":{"rendered":"<p>Volkswagen Transporter, i bazuar n\u00eb platform\u00ebn T t\u00eb Grupit Volkswagen, tashm\u00eb n\u00eb gjenerat\u00ebn e shtat\u00eb, i referohet nj\u00eb serie furgonash t\u00eb prodhuara p\u00ebr mbi 70 vjet dhe t\u00eb tregtuara n\u00eb mbar\u00eb bot\u00ebn.<\/p>\n<p>Seria T tani konsiderohet nj\u00eb platform\u00eb zyrtare automobilistike e Grupit Volkswagen.[1][2] dhe brezat em\u00ebrtohen n\u00eb m\u00ebnyr\u00eb sekuenciale T1, T2, T3, T4, T5, T6 dhe T7. Para p\u00ebrcaktimeve t\u00eb platform\u00ebs T, tre gjeneratat e para u em\u00ebruan Tipi 2, duke treguar pozicionin e tyre relativ me Tipin 1, ose Beetle. Si pjes\u00eb e platform\u00ebs T, tre gjeneratat e para em\u00ebrtohen n\u00eb m\u00ebnyr\u00eb retroaktive T1, T2 dhe T3.<\/p>\n","protected":false},"featured_media":8316,"comment_status":"open","ping_status":"closed","template":"","meta":[],"product_brand":[],"product_cat":[52],"product_tag":[],"class_list":{"0":"post-7357","1":"product","2":"type-product","3":"status-publish","4":"has-post-thumbnail","6":"product_cat-suv-sq","8":"first","9":"instock","10":"shipping-taxable","11":"purchasable","12":"product-type-ovabrw_car_rental"},"yoast_head":"<!-- This site is optimized with the Yoast SEO plugin v27.3 - https:\/\/yoast.com\/product\/yoast-seo-wordpress\/ -->\n<title>VM Transporter - 2a Rent<\/title>\n<meta name=\"robots\" content=\"index, follow, max-snippet:-1, max-image-preview:large, max-video-preview:-1\" \/>\n<link rel=\"canonical\" href=\"https:\/\/2arent.al\/sq\/product\/vw-transport\/\" \/>\n<meta property=\"og:locale\" content=\"sq_AL\" \/>\n<meta property=\"og:type\" content=\"article\" \/>\n<meta property=\"og:title\" content=\"VM Transporter - 2a Rent\" \/>\n<meta property=\"og:description\" content=\"Volkswagen Transporter, i bazuar n\u00eb platform\u00ebn T t\u00eb Grupit Volkswagen, tashm\u00eb n\u00eb gjenerat\u00ebn e shtat\u00eb, i referohet nj\u00eb serie furgonash t\u00eb prodhuara p\u00ebr mbi 70 vjet dhe t\u00eb tregtuara n\u00eb mbar\u00eb bot\u00ebn.  Seria T tani konsiderohet nj\u00eb platform\u00eb zyrtare automobilistike e Grupit Volkswagen.[1][2] dhe brezat em\u00ebrtohen n\u00eb m\u00ebnyr\u00eb sekuenciale T1, T2, T3, T4, T5, T6 dhe T7. Para p\u00ebrcaktimeve t\u00eb platform\u00ebs T, tre gjeneratat e para u em\u00ebruan Tipi 2, duke treguar pozicionin e tyre relativ me Tipin 1, ose Beetle. Si pjes\u00eb e platform\u00ebs T, tre gjeneratat e para em\u00ebrtohen n\u00eb m\u00ebnyr\u00eb retroaktive T1, T2 dhe T3.\" \/>\n<meta property=\"og:url\" content=\"https:\/\/2arent.al\/sq\/product\/vw-transport\/\" \/>\n<meta property=\"og:site_name\" content=\"2a Rent\" \/>\n<meta property=\"article:modified_time\" content=\"2025-05-29T17:45:44+00:00\" \/>\n<meta property=\"og:image\" content=\"https:\/\/2arent.al\/wp-content\/uploads\/2023\/10\/s-l1600.webp\" \/>\n\t<meta property=\"og:image:width\" content=\"1600\" \/>\n\t<meta property=\"og:image:height\" content=\"1067\" \/>\n\t<meta property=\"og:image:type\" content=\"image\/webp\" \/>\n<meta name=\"twitter:card\" content=\"summary_large_image\" \/>\n<script type=\"application\/ld+json\" class=\"yoast-schema-graph\">{\"@context\":\"https:\\\/\\\/schema.org\",\"@graph\":[{\"@type\":\"WebPage\",\"@id\":\"https:\\\/\\\/2arent.al\\\/sq\\\/product\\\/vw-transport\\\/\",\"url\":\"https:\\\/\\\/2arent.al\\\/sq\\\/product\\\/vw-transport\\\/\",\"name\":\"VM Transporter - 2a Rent\",\"isPartOf\":{\"@id\":\"https:\\\/\\\/2arent.al\\\/sq\\\/#website\"},\"primaryImageOfPage\":{\"@id\":\"https:\\\/\\\/2arent.al\\\/sq\\\/product\\\/vw-transport\\\/#primaryimage\"},\"image\":{\"@id\":\"https:\\\/\\\/2arent.al\\\/sq\\\/product\\\/vw-transport\\\/#primaryimage\"},\"thumbnailUrl\":\"https:\\\/\\\/2arent.al\\\/wp-content\\\/uploads\\\/2023\\\/10\\\/s-l1600.webp\",\"datePublished\":\"2023-10-30T04:18:20+00:00\",\"dateModified\":\"2025-05-29T17:45:44+00:00\",\"breadcrumb\":{\"@id\":\"https:\\\/\\\/2arent.al\\\/sq\\\/product\\\/vw-transport\\\/#breadcrumb\"},\"inLanguage\":\"sq-AL\",\"potentialAction\":[{\"@type\":\"ReadAction\",\"target\":[\"https:\\\/\\\/2arent.al\\\/sq\\\/product\\\/vw-transport\\\/\"]}]},{\"@type\":\"ImageObject\",\"inLanguage\":\"sq-AL\",\"@id\":\"https:\\\/\\\/2arent.al\\\/sq\\\/product\\\/vw-transport\\\/#primaryimage\",\"url\":\"https:\\\/\\\/2arent.al\\\/wp-content\\\/uploads\\\/2023\\\/10\\\/s-l1600.webp\",\"contentUrl\":\"https:\\\/\\\/2arent.al\\\/wp-content\\\/uploads\\\/2023\\\/10\\\/s-l1600.webp\",\"width\":1600,\"height\":1067},{\"@type\":\"BreadcrumbList\",\"@id\":\"https:\\\/\\\/2arent.al\\\/sq\\\/product\\\/vw-transport\\\/#breadcrumb\",\"itemListElement\":[{\"@type\":\"ListItem\",\"position\":1,\"name\":\"Home\",\"item\":\"https:\\\/\\\/2arent.al\\\/sq\\\/\"},{\"@type\":\"ListItem\",\"position\":2,\"name\":\"Shop\",\"item\":\"https:\\\/\\\/2arent.al\\\/sq\\\/dyqan-2\\\/\"},{\"@type\":\"ListItem\",\"position\":3,\"name\":\"VM Transporter\"}]},{\"@type\":\"WebSite\",\"@id\":\"https:\\\/\\\/2arent.al\\\/sq\\\/#website\",\"url\":\"https:\\\/\\\/2arent.al\\\/sq\\\/\",\"name\":\"2a Rent\",\"description\":\"\",\"publisher\":{\"@id\":\"https:\\\/\\\/2arent.al\\\/sq\\\/#organization\"},\"potentialAction\":[{\"@type\":\"SearchAction\",\"target\":{\"@type\":\"EntryPoint\",\"urlTemplate\":\"https:\\\/\\\/2arent.al\\\/sq\\\/?s={search_term_string}\"},\"query-input\":{\"@type\":\"PropertyValueSpecification\",\"valueRequired\":true,\"valueName\":\"search_term_string\"}}],\"inLanguage\":\"sq-AL\"},{\"@type\":\"Organization\",\"@id\":\"https:\\\/\\\/2arent.al\\\/sq\\\/#organization\",\"name\":\"2a Rent\",\"url\":\"https:\\\/\\\/2arent.al\\\/sq\\\/\",\"logo\":{\"@type\":\"ImageObject\",\"inLanguage\":\"sq-AL\",\"@id\":\"https:\\\/\\\/2arent.al\\\/sq\\\/#\\\/schema\\\/logo\\\/image\\\/\",\"url\":\"https:\\\/\\\/2arent.al\\\/wp-content\\\/uploads\\\/2023\\\/10\\\/logo2arent.png\",\"contentUrl\":\"https:\\\/\\\/2arent.al\\\/wp-content\\\/uploads\\\/2023\\\/10\\\/logo2arent.png\",\"width\":326,\"height\":155,\"caption\":\"2a Rent\"},\"image\":{\"@id\":\"https:\\\/\\\/2arent.al\\\/sq\\\/#\\\/schema\\\/logo\\\/image\\\/\"}}]}<\/script>\n<!-- \/ Yoast SEO plugin. -->","yoast_head_json":{"title":"VM Transporter - 2a Rent","robots":{"index":"index","follow":"follow","max-snippet":"max-snippet:-1","max-image-preview":"max-image-preview:large","max-video-preview":"max-video-preview:-1"},"canonical":"https:\/\/2arent.al\/sq\/product\/vw-transport\/","og_locale":"sq_AL","og_type":"article","og_title":"VM Transporter - 2a Rent","og_description":"Volkswagen Transporter, i bazuar n\u00eb platform\u00ebn T t\u00eb Grupit Volkswagen, tashm\u00eb n\u00eb gjenerat\u00ebn e shtat\u00eb, i referohet nj\u00eb serie furgonash t\u00eb prodhuara p\u00ebr mbi 70 vjet dhe t\u00eb tregtuara n\u00eb mbar\u00eb bot\u00ebn.  Seria T tani konsiderohet nj\u00eb platform\u00eb zyrtare automobilistike e Grupit Volkswagen.[1][2] dhe brezat em\u00ebrtohen n\u00eb m\u00ebnyr\u00eb sekuenciale T1, T2, T3, T4, T5, T6 dhe T7. Para p\u00ebrcaktimeve t\u00eb platform\u00ebs T, tre gjeneratat e para u em\u00ebruan Tipi 2, duke treguar pozicionin e tyre relativ me Tipin 1, ose Beetle. Si pjes\u00eb e platform\u00ebs T, tre gjeneratat e para em\u00ebrtohen n\u00eb m\u00ebnyr\u00eb retroaktive T1, T2 dhe T3.","og_url":"https:\/\/2arent.al\/sq\/product\/vw-transport\/","og_site_name":"2a Rent","article_modified_time":"2025-05-29T17:45:44+00:00","og_image":[{"width":1600,"height":1067,"url":"https:\/\/2arent.al\/wp-content\/uploads\/2023\/10\/s-l1600.webp","type":"image\/webp"}],"twitter_card":"summary_large_image","schema":{"@context":"https:\/\/schema.org","@graph":[{"@type":"WebPage","@id":"https:\/\/2arent.al\/sq\/product\/vw-transport\/","url":"https:\/\/2arent.al\/sq\/product\/vw-transport\/","name":"VM Transporter - 2a Rent","isPartOf":{"@id":"https:\/\/2arent.al\/sq\/#website"},"primaryImageOfPage":{"@id":"https:\/\/2arent.al\/sq\/product\/vw-transport\/#primaryimage"},"image":{"@id":"https:\/\/2arent.al\/sq\/product\/vw-transport\/#primaryimage"},"thumbnailUrl":"https:\/\/2arent.al\/wp-content\/uploads\/2023\/10\/s-l1600.webp","datePublished":"2023-10-30T04:18:20+00:00","dateModified":"2025-05-29T17:45:44+00:00","breadcrumb":{"@id":"https:\/\/2arent.al\/sq\/product\/vw-transport\/#breadcrumb"},"inLanguage":"sq-AL","potentialAction":[{"@type":"ReadAction","target":["https:\/\/2arent.al\/sq\/product\/vw-transport\/"]}]},{"@type":"ImageObject","inLanguage":"sq-AL","@id":"https:\/\/2arent.al\/sq\/product\/vw-transport\/#primaryimage","url":"https:\/\/2arent.al\/wp-content\/uploads\/2023\/10\/s-l1600.webp","contentUrl":"https:\/\/2arent.al\/wp-content\/uploads\/2023\/10\/s-l1600.webp","width":1600,"height":1067},{"@type":"BreadcrumbList","@id":"https:\/\/2arent.al\/sq\/product\/vw-transport\/#breadcrumb","itemListElement":[{"@type":"ListItem","position":1,"name":"Home","item":"https:\/\/2arent.al\/sq\/"},{"@type":"ListItem","position":2,"name":"Shop","item":"https:\/\/2arent.al\/sq\/dyqan-2\/"},{"@type":"ListItem","position":3,"name":"VM Transporter"}]},{"@type":"WebSite","@id":"https:\/\/2arent.al\/sq\/#website","url":"https:\/\/2arent.al\/sq\/","name":"2a Rent","description":"","publisher":{"@id":"https:\/\/2arent.al\/sq\/#organization"},"potentialAction":[{"@type":"SearchAction","target":{"@type":"EntryPoint","urlTemplate":"https:\/\/2arent.al\/sq\/?s={search_term_string}"},"query-input":{"@type":"PropertyValueSpecification","valueRequired":true,"valueName":"search_term_string"}}],"inLanguage":"sq-AL"},{"@type":"Organization","@id":"https:\/\/2arent.al\/sq\/#organization","name":"2a Rent","url":"https:\/\/2arent.al\/sq\/","logo":{"@type":"ImageObject","inLanguage":"sq-AL","@id":"https:\/\/2arent.al\/sq\/#\/schema\/logo\/image\/","url":"https:\/\/2arent.al\/wp-content\/uploads\/2023\/10\/logo2arent.png","contentUrl":"https:\/\/2arent.al\/wp-content\/uploads\/2023\/10\/logo2arent.png","width":326,"height":155,"caption":"2a Rent"},"image":{"@id":"https:\/\/2arent.al\/sq\/#\/schema\/logo\/image\/"}}]}},"_links":{"self":[{"href":"https:\/\/2arent.al\/sq\/wp-json\/wp\/v2\/product\/7357","targetHints":{"allow":["GET"]}}],"collection":[{"href":"https:\/\/2arent.al\/sq\/wp-json\/wp\/v2\/product"}],"about":[{"href":"https:\/\/2arent.al\/sq\/wp-json\/wp\/v2\/types\/product"}],"replies":[{"embeddable":true,"href":"https:\/\/2arent.al\/sq\/wp-json\/wp\/v2\/comments?post=7357"}],"version-history":[{"count":5,"href":"https:\/\/2arent.al\/sq\/wp-json\/wp\/v2\/product\/7357\/revisions"}],"predecessor-version":[{"id":8345,"href":"https:\/\/2arent.al\/sq\/wp-json\/wp\/v2\/product\/7357\/revisions\/8345"}],"wp:featuredmedia":[{"embeddable":true,"href":"https:\/\/2arent.al\/sq\/wp-json\/wp\/v2\/media\/8316"}],"wp:attachment":[{"href":"https:\/\/2arent.al\/sq\/wp-json\/wp\/v2\/media?parent=7357"}],"wp:term":[{"taxonomy":"product_brand","embeddable":true,"href":"https:\/\/2arent.al\/sq\/wp-json\/wp\/v2\/product_brand?post=7357"},{"taxonomy":"product_cat","embeddable":true,"href":"https:\/\/2arent.al\/sq\/wp-json\/wp\/v2\/product_cat?post=7357"},{"taxonomy":"product_tag","embeddable":true,"href":"https:\/\/2arent.al\/sq\/wp-json\/wp\/v2\/product_tag?post=7357"}],"curies":[{"name":"wp","href":"https:\/\/api.w.org\/{rel}","templated":true}]}}