{"id":7353,"date":"2023-11-10T03:28:30","date_gmt":"2023-11-10T03:28:30","guid":{"rendered":"https:\/\/2arent.al\/product\/remons-suv-limited\/"},"modified":"2025-02-05T21:28:46","modified_gmt":"2025-02-05T21:28:46","slug":"peugeot-208","status":"publish","type":"product","link":"https:\/\/2arent.al\/sq\/product\/peugeot-208\/","title":{"rendered":"Peugeot 208"},"content":{"rendered":"<p>Peugeot ka lan\u00e7uar nj\u00eb 208 GT-Line, i cili \u00ebsht\u00eb qeni i ri i lart\u00eb n\u00eb familjen 208. Duke qen\u00eb nj\u00eb model GT-Line, ai p\u00ebrmban disa prekje sportive dhe n\u00eb shikim t\u00eb par\u00eb, do t\u00eb mendonit se ishte modeli GTI hot hatch.<\/p>\n<p>P\u00ebr sa i p\u00ebrket pamjes, ai ka fener\u00ebt e rinj me element\u00eb t\u00eb zi dhe t\u00eb kromuar, dritat LED gjat\u00eb dit\u00ebs, s\u00eb bashku me llambat e mjegull\u00ebs t\u00eb ripozicionuara i japin 208 GT Line t\u00eb re nj\u00eb q\u00ebndrim m\u00eb t\u00eb gjer\u00eb. Ekziston gjithashtu nj\u00eb parakolp i ri nd\u00ebrsa pamja e pasme dominohet nga dritat e pasme LED 3D t\u00eb kuqe t\u00eb thell\u00eb dhe t\u00eb mrekullueshme. Disa detaje t\u00eb kuqe, nj\u00eb p\u00ebrfundim i zi me shk\u00eblqim p\u00ebr rrethimin e gril\u00ebs, dekoruesit e llambave t\u00eb mjegull\u00ebs dhe streh\u00ebt e pasqyrave t\u00eb jashtme dhe rrotat e aliazhit Cesium 17 in\u00e7 p\u00ebrmbyllin paket\u00ebn vizuale. Tema GT-Line vazhdon brenda me sedilje t\u00eb ve\u00e7anta, qepje t\u00eb kund\u00ebrta dhe detaje t\u00eb kuqe n\u00eb rripat e sigurimit. Ekziston gjithashtu nj\u00eb tem\u00eb e ve\u00e7ant\u00eb GT-Line n\u00eb ekranin me prekje.<\/p>\n<p>Duke qen\u00eb modeli kryesor, specifikimet pritet t\u00eb jen\u00eb gjith\u00ebp\u00ebrfshir\u00ebse dhe kjo 208 GT-Line p\u00ebrmban nj\u00eb kompjuter udh\u00ebtimi, timon elektrik, aj\u00ebr t\u00eb kondicionuar, xhamat elektrik\u00eb p\u00ebrpara dhe mbrapa, nj\u00eb sedilje shoferi t\u00eb rregullueshme n\u00eb lart\u00ebsi, nj\u00eb timon t\u00eb rregulluesh\u00ebm sipas lart\u00ebsis\u00eb dhe arritjes. , dhe nj\u00eb ndarje dorezash frigoriferike. Sistemi audio n\u00eb makin\u00eb p\u00ebrmban lidhje Bluetooth dhe USB. Fener\u00ebt dhe fshir\u00ebset automatike, si dhe kontrolli automatik i klim\u00ebs, i shtojn\u00eb komoditet shtes\u00eb ofert\u00ebs.<\/p>\n<p>Fuqia vjen nga nj\u00eb motor 1.2-lit\u00ebrsh turbo me tre cilindra benzin\u00eb, i cili prodhon 81 kW dhe 205 Nm. Fuqia shkon n\u00eb rrotat e p\u00ebrparme p\u00ebrmes nj\u00eb kuti ingranazhi manual. Peugeot pretendon nj\u00eb shpejt\u00ebsi 0-100 km\/h n\u00ebn 10 sekonda, nd\u00ebrsa pretendimi i ekonomis\u00eb s\u00eb karburantit q\u00ebndron n\u00eb 4.5 litra \/ 100 km.<\/p>\n","protected":false},"excerpt":{"rendered":"<p>P\u00ebr t\u00eb p\u00ebrmbushur premtimin e teknologjis\u00eb dhe zgjuarsis\u00eb njer\u00ebzore Ne i ndihmojm\u00eb klient\u00ebt tan\u00eb t\u00eb b\u00ebhen versionet e radh\u00ebs dhe m\u00eb t\u00eb mir\u00eb t\u00eb vetes. Lorem Ipsum \u00ebsht\u00eb thjesht tekst bedel i industris\u00eb s\u00eb shtypjes dhe shtypjes. orem ipsum ka qen\u00eb teksti standard standard i industris\u00eb q\u00eb nga vitet 1500.<\/p>\n","protected":false},"featured_media":8105,"comment_status":"open","ping_status":"closed","template":"","meta":[],"product_brand":[],"product_cat":[94],"product_tag":[51],"class_list":{"0":"post-7353","1":"product","2":"type-product","3":"status-publish","4":"has-post-thumbnail","6":"product_cat-ekonomike","7":"product_tag-makina-me-qira","9":"first","10":"instock","11":"featured","12":"shipping-taxable","13":"purchasable","14":"product-type-ovabrw_car_rental"},"yoast_head":"<!-- This site is optimized with the Yoast SEO plugin v27.3 - https:\/\/yoast.com\/product\/yoast-seo-wordpress\/ -->\n<title>Peugeot 208 - 2a Rent<\/title>\n<meta name=\"robots\" content=\"index, follow, max-snippet:-1, max-image-preview:large, max-video-preview:-1\" \/>\n<link rel=\"canonical\" href=\"https:\/\/2arent.al\/sq\/product\/peugeot-208\/\" \/>\n<meta property=\"og:locale\" content=\"sq_AL\" \/>\n<meta property=\"og:type\" content=\"article\" \/>\n<meta property=\"og:title\" content=\"Peugeot 208 - 2a Rent\" \/>\n<meta property=\"og:description\" content=\"P\u00ebr t\u00eb p\u00ebrmbushur premtimin e teknologjis\u00eb dhe zgjuarsis\u00eb njer\u00ebzore Ne i ndihmojm\u00eb klient\u00ebt tan\u00eb t\u00eb b\u00ebhen versionet e radh\u00ebs dhe m\u00eb t\u00eb mir\u00eb t\u00eb vetes. Lorem Ipsum \u00ebsht\u00eb thjesht tekst bedel i industris\u00eb s\u00eb shtypjes dhe shtypjes. orem ipsum ka qen\u00eb teksti standard standard i industris\u00eb q\u00eb nga vitet 1500.\" \/>\n<meta property=\"og:url\" content=\"https:\/\/2arent.al\/sq\/product\/peugeot-208\/\" \/>\n<meta property=\"og:site_name\" content=\"2a Rent\" \/>\n<meta property=\"article:modified_time\" content=\"2025-02-05T21:28:46+00:00\" \/>\n<meta property=\"og:image\" content=\"https:\/\/2arent.al\/wp-content\/uploads\/2023\/11\/Peug-208GTLine-1.webp\" \/>\n\t<meta property=\"og:image:width\" content=\"617\" \/>\n\t<meta property=\"og:image:height\" content=\"347\" \/>\n\t<meta property=\"og:image:type\" content=\"image\/jpeg\" \/>\n<meta name=\"twitter:card\" content=\"summary_large_image\" \/>\n<meta name=\"twitter:label1\" content=\"Est. reading time\" \/>\n\t<meta name=\"twitter:data1\" content=\"2 minutes\" \/>\n<script type=\"application\/ld+json\" class=\"yoast-schema-graph\">{\"@context\":\"https:\\\/\\\/schema.org\",\"@graph\":[{\"@type\":\"WebPage\",\"@id\":\"https:\\\/\\\/2arent.al\\\/sq\\\/product\\\/peugeot-208\\\/\",\"url\":\"https:\\\/\\\/2arent.al\\\/sq\\\/product\\\/peugeot-208\\\/\",\"name\":\"Peugeot 208 - 2a Rent\",\"isPartOf\":{\"@id\":\"https:\\\/\\\/2arent.al\\\/sq\\\/#website\"},\"primaryImageOfPage\":{\"@id\":\"https:\\\/\\\/2arent.al\\\/sq\\\/product\\\/peugeot-208\\\/#primaryimage\"},\"image\":{\"@id\":\"https:\\\/\\\/2arent.al\\\/sq\\\/product\\\/peugeot-208\\\/#primaryimage\"},\"thumbnailUrl\":\"https:\\\/\\\/2arent.al\\\/wp-content\\\/uploads\\\/2023\\\/11\\\/Peug-208GTLine-1.webp\",\"datePublished\":\"2023-11-10T03:28:30+00:00\",\"dateModified\":\"2025-02-05T21:28:46+00:00\",\"breadcrumb\":{\"@id\":\"https:\\\/\\\/2arent.al\\\/sq\\\/product\\\/peugeot-208\\\/#breadcrumb\"},\"inLanguage\":\"sq-AL\",\"potentialAction\":[{\"@type\":\"ReadAction\",\"target\":[\"https:\\\/\\\/2arent.al\\\/sq\\\/product\\\/peugeot-208\\\/\"]}]},{\"@type\":\"ImageObject\",\"inLanguage\":\"sq-AL\",\"@id\":\"https:\\\/\\\/2arent.al\\\/sq\\\/product\\\/peugeot-208\\\/#primaryimage\",\"url\":\"https:\\\/\\\/2arent.al\\\/wp-content\\\/uploads\\\/2023\\\/11\\\/Peug-208GTLine-1.webp\",\"contentUrl\":\"https:\\\/\\\/2arent.al\\\/wp-content\\\/uploads\\\/2023\\\/11\\\/Peug-208GTLine-1.webp\",\"width\":617,\"height\":347},{\"@type\":\"BreadcrumbList\",\"@id\":\"https:\\\/\\\/2arent.al\\\/sq\\\/product\\\/peugeot-208\\\/#breadcrumb\",\"itemListElement\":[{\"@type\":\"ListItem\",\"position\":1,\"name\":\"Home\",\"item\":\"https:\\\/\\\/2arent.al\\\/sq\\\/\"},{\"@type\":\"ListItem\",\"position\":2,\"name\":\"Shop\",\"item\":\"https:\\\/\\\/2arent.al\\\/sq\\\/dyqan-2\\\/\"},{\"@type\":\"ListItem\",\"position\":3,\"name\":\"Peugeot 208\"}]},{\"@type\":\"WebSite\",\"@id\":\"https:\\\/\\\/2arent.al\\\/sq\\\/#website\",\"url\":\"https:\\\/\\\/2arent.al\\\/sq\\\/\",\"name\":\"2a Rent\",\"description\":\"\",\"publisher\":{\"@id\":\"https:\\\/\\\/2arent.al\\\/sq\\\/#organization\"},\"potentialAction\":[{\"@type\":\"SearchAction\",\"target\":{\"@type\":\"EntryPoint\",\"urlTemplate\":\"https:\\\/\\\/2arent.al\\\/sq\\\/?s={search_term_string}\"},\"query-input\":{\"@type\":\"PropertyValueSpecification\",\"valueRequired\":true,\"valueName\":\"search_term_string\"}}],\"inLanguage\":\"sq-AL\"},{\"@type\":\"Organization\",\"@id\":\"https:\\\/\\\/2arent.al\\\/sq\\\/#organization\",\"name\":\"2a Rent\",\"url\":\"https:\\\/\\\/2arent.al\\\/sq\\\/\",\"logo\":{\"@type\":\"ImageObject\",\"inLanguage\":\"sq-AL\",\"@id\":\"https:\\\/\\\/2arent.al\\\/sq\\\/#\\\/schema\\\/logo\\\/image\\\/\",\"url\":\"https:\\\/\\\/2arent.al\\\/wp-content\\\/uploads\\\/2023\\\/10\\\/logo2arent.png\",\"contentUrl\":\"https:\\\/\\\/2arent.al\\\/wp-content\\\/uploads\\\/2023\\\/10\\\/logo2arent.png\",\"width\":326,\"height\":155,\"caption\":\"2a Rent\"},\"image\":{\"@id\":\"https:\\\/\\\/2arent.al\\\/sq\\\/#\\\/schema\\\/logo\\\/image\\\/\"}}]}<\/script>\n<!-- \/ Yoast SEO plugin. -->","yoast_head_json":{"title":"Peugeot 208 - 2a Rent","robots":{"index":"index","follow":"follow","max-snippet":"max-snippet:-1","max-image-preview":"max-image-preview:large","max-video-preview":"max-video-preview:-1"},"canonical":"https:\/\/2arent.al\/sq\/product\/peugeot-208\/","og_locale":"sq_AL","og_type":"article","og_title":"Peugeot 208 - 2a Rent","og_description":"P\u00ebr t\u00eb p\u00ebrmbushur premtimin e teknologjis\u00eb dhe zgjuarsis\u00eb njer\u00ebzore Ne i ndihmojm\u00eb klient\u00ebt tan\u00eb t\u00eb b\u00ebhen versionet e radh\u00ebs dhe m\u00eb t\u00eb mir\u00eb t\u00eb vetes. Lorem Ipsum \u00ebsht\u00eb thjesht tekst bedel i industris\u00eb s\u00eb shtypjes dhe shtypjes. orem ipsum ka qen\u00eb teksti standard standard i industris\u00eb q\u00eb nga vitet 1500.","og_url":"https:\/\/2arent.al\/sq\/product\/peugeot-208\/","og_site_name":"2a Rent","article_modified_time":"2025-02-05T21:28:46+00:00","og_image":[{"width":617,"height":347,"url":"https:\/\/2arent.al\/wp-content\/uploads\/2023\/11\/Peug-208GTLine-1.webp","type":"image\/jpeg"}],"twitter_card":"summary_large_image","twitter_misc":{"Est. reading time":"2 minutes"},"schema":{"@context":"https:\/\/schema.org","@graph":[{"@type":"WebPage","@id":"https:\/\/2arent.al\/sq\/product\/peugeot-208\/","url":"https:\/\/2arent.al\/sq\/product\/peugeot-208\/","name":"Peugeot 208 - 2a Rent","isPartOf":{"@id":"https:\/\/2arent.al\/sq\/#website"},"primaryImageOfPage":{"@id":"https:\/\/2arent.al\/sq\/product\/peugeot-208\/#primaryimage"},"image":{"@id":"https:\/\/2arent.al\/sq\/product\/peugeot-208\/#primaryimage"},"thumbnailUrl":"https:\/\/2arent.al\/wp-content\/uploads\/2023\/11\/Peug-208GTLine-1.webp","datePublished":"2023-11-10T03:28:30+00:00","dateModified":"2025-02-05T21:28:46+00:00","breadcrumb":{"@id":"https:\/\/2arent.al\/sq\/product\/peugeot-208\/#breadcrumb"},"inLanguage":"sq-AL","potentialAction":[{"@type":"ReadAction","target":["https:\/\/2arent.al\/sq\/product\/peugeot-208\/"]}]},{"@type":"ImageObject","inLanguage":"sq-AL","@id":"https:\/\/2arent.al\/sq\/product\/peugeot-208\/#primaryimage","url":"https:\/\/2arent.al\/wp-content\/uploads\/2023\/11\/Peug-208GTLine-1.webp","contentUrl":"https:\/\/2arent.al\/wp-content\/uploads\/2023\/11\/Peug-208GTLine-1.webp","width":617,"height":347},{"@type":"BreadcrumbList","@id":"https:\/\/2arent.al\/sq\/product\/peugeot-208\/#breadcrumb","itemListElement":[{"@type":"ListItem","position":1,"name":"Home","item":"https:\/\/2arent.al\/sq\/"},{"@type":"ListItem","position":2,"name":"Shop","item":"https:\/\/2arent.al\/sq\/dyqan-2\/"},{"@type":"ListItem","position":3,"name":"Peugeot 208"}]},{"@type":"WebSite","@id":"https:\/\/2arent.al\/sq\/#website","url":"https:\/\/2arent.al\/sq\/","name":"2a Rent","description":"","publisher":{"@id":"https:\/\/2arent.al\/sq\/#organization"},"potentialAction":[{"@type":"SearchAction","target":{"@type":"EntryPoint","urlTemplate":"https:\/\/2arent.al\/sq\/?s={search_term_string}"},"query-input":{"@type":"PropertyValueSpecification","valueRequired":true,"valueName":"search_term_string"}}],"inLanguage":"sq-AL"},{"@type":"Organization","@id":"https:\/\/2arent.al\/sq\/#organization","name":"2a Rent","url":"https:\/\/2arent.al\/sq\/","logo":{"@type":"ImageObject","inLanguage":"sq-AL","@id":"https:\/\/2arent.al\/sq\/#\/schema\/logo\/image\/","url":"https:\/\/2arent.al\/wp-content\/uploads\/2023\/10\/logo2arent.png","contentUrl":"https:\/\/2arent.al\/wp-content\/uploads\/2023\/10\/logo2arent.png","width":326,"height":155,"caption":"2a Rent"},"image":{"@id":"https:\/\/2arent.al\/sq\/#\/schema\/logo\/image\/"}}]}},"_links":{"self":[{"href":"https:\/\/2arent.al\/sq\/wp-json\/wp\/v2\/product\/7353","targetHints":{"allow":["GET"]}}],"collection":[{"href":"https:\/\/2arent.al\/sq\/wp-json\/wp\/v2\/product"}],"about":[{"href":"https:\/\/2arent.al\/sq\/wp-json\/wp\/v2\/types\/product"}],"replies":[{"embeddable":true,"href":"https:\/\/2arent.al\/sq\/wp-json\/wp\/v2\/comments?post=7353"}],"version-history":[{"count":4,"href":"https:\/\/2arent.al\/sq\/wp-json\/wp\/v2\/product\/7353\/revisions"}],"predecessor-version":[{"id":8342,"href":"https:\/\/2arent.al\/sq\/wp-json\/wp\/v2\/product\/7353\/revisions\/8342"}],"wp:featuredmedia":[{"embeddable":true,"href":"https:\/\/2arent.al\/sq\/wp-json\/wp\/v2\/media\/8105"}],"wp:attachment":[{"href":"https:\/\/2arent.al\/sq\/wp-json\/wp\/v2\/media?parent=7353"}],"wp:term":[{"taxonomy":"product_brand","embeddable":true,"href":"https:\/\/2arent.al\/sq\/wp-json\/wp\/v2\/product_brand?post=7353"},{"taxonomy":"product_cat","embeddable":true,"href":"https:\/\/2arent.al\/sq\/wp-json\/wp\/v2\/product_cat?post=7353"},{"taxonomy":"product_tag","embeddable":true,"href":"https:\/\/2arent.al\/sq\/wp-json\/wp\/v2\/product_tag?post=7353"}],"curies":[{"name":"wp","href":"https:\/\/api.w.org\/{rel}","templated":true}]}}