{"id":7470,"date":"2023-10-17T08:56:54","date_gmt":"2023-10-17T08:56:54","guid":{"rendered":"https:\/\/2arent.al\/rreth-nesh\/"},"modified":"2025-01-19T18:55:09","modified_gmt":"2025-01-19T18:55:09","slug":"rreth-nesh","status":"publish","type":"page","link":"https:\/\/2arent.al\/sq\/rreth-nesh\/","title":{"rendered":"Rreth Nesh"},"content":{"rendered":"\t\t<div data-elementor-type=\"wp-page\" data-elementor-id=\"7470\" class=\"elementor elementor-7470 elementor-53\">\n\t\t\t\t<div class=\"elementor-element elementor-element-338f2a4 e-flex e-con-boxed e-con e-parent\" data-id=\"338f2a4\" data-element_type=\"container\" data-e-type=\"container\" data-settings=\"{&quot;background_background&quot;:&quot;classic&quot;}\">\n\t\t\t\t\t<div class=\"e-con-inner\">\n\t\t<div class=\"elementor-element elementor-element-0bdb1f8 e-con-full e-flex e-con e-child\" data-id=\"0bdb1f8\" data-element_type=\"container\" data-e-type=\"container\" data-settings=\"{&quot;background_background&quot;:&quot;classic&quot;}\">\n\t\t\t\t<div class=\"elementor-element elementor-element-ca713cb elementor-widget elementor-widget-image\" data-id=\"ca713cb\" data-element_type=\"widget\" data-e-type=\"widget\" data-widget_type=\"image.default\">\n\t\t\t\t<div class=\"elementor-widget-container\">\n\t\t\t\t\t\t\t\t\t\t\t\t\t\t\t<img loading=\"lazy\" decoding=\"async\" width=\"370\" height=\"572\" src=\"https:\/\/2arent.al\/wp-content\/uploads\/2023\/11\/about-people1.jpg\" class=\"attachment-large size-large wp-image-7266\" alt=\"\" srcset=\"https:\/\/2arent.al\/wp-content\/uploads\/2023\/11\/about-people1.jpg 370w, https:\/\/2arent.al\/wp-content\/uploads\/2023\/11\/about-people1-194x300.jpg 194w\" sizes=\"auto, (max-width: 370px) 100vw, 370px\" \/>\t\t\t\t\t\t\t\t\t\t\t\t\t\t\t<\/div>\n\t\t\t\t<\/div>\n\t\t\t\t<div class=\"elementor-element elementor-element-3ec731d elementor-hidden-mobile elementor-widget elementor-widget-image\" data-id=\"3ec731d\" data-element_type=\"widget\" data-e-type=\"widget\" data-widget_type=\"image.default\">\n\t\t\t\t<div class=\"elementor-widget-container\">\n\t\t\t\t\t\t\t\t\t\t\t\t\t\t\t<img loading=\"lazy\" decoding=\"async\" width=\"12\" height=\"163\" src=\"https:\/\/2arent.al\/wp-content\/uploads\/2023\/11\/img-line.png\" class=\"attachment-medium size-medium wp-image-7268\" alt=\"\" \/>\t\t\t\t\t\t\t\t\t\t\t\t\t\t\t<\/div>\n\t\t\t\t<\/div>\n\t\t\t\t<div class=\"elementor-element elementor-element-dd25409 elementor-absolute elementor-hidden-mobile elementor-widget elementor-widget-image\" data-id=\"dd25409\" data-element_type=\"widget\" data-e-type=\"widget\" data-settings=\"{&quot;_position&quot;:&quot;absolute&quot;}\" data-widget_type=\"image.default\">\n\t\t\t\t<div class=\"elementor-widget-container\">\n\t\t\t\t\t\t\t\t\t\t\t\t\t\t\t<img loading=\"lazy\" decoding=\"async\" width=\"582\" height=\"388\" src=\"https:\/\/2arent.al\/wp-content\/uploads\/2023\/11\/gallery-popup1.jpg\" class=\"attachment-large size-large wp-image-7267\" alt=\"\" srcset=\"https:\/\/2arent.al\/wp-content\/uploads\/2023\/11\/gallery-popup1.jpg 582w, https:\/\/2arent.al\/wp-content\/uploads\/2023\/11\/gallery-popup1-300x200.jpg 300w\" sizes=\"auto, (max-width: 582px) 100vw, 582px\" \/>\t\t\t\t\t\t\t\t\t\t\t\t\t\t\t<\/div>\n\t\t\t\t<\/div>\n\t\t\t\t<\/div>\n\t\t<div class=\"elementor-element elementor-element-0a6bdc6 e-con-full e-flex e-con e-child\" data-id=\"0a6bdc6\" data-element_type=\"container\" data-e-type=\"container\">\n\t\t\t\t<div class=\"elementor-element elementor-element-d9724b5 elementor-widget elementor-widget-remons_elementor_heading\" data-id=\"d9724b5\" data-element_type=\"widget\" data-e-type=\"widget\" data-widget_type=\"remons_elementor_heading.default\">\n\t\t\t\t<div class=\"elementor-widget-container\">\n\t\t\t\t\t\n\t\t<div class=\"ova-heading\">\n            \n            <div class=\"top-heading\">\n\n            \t\t\t\t\t\t<div class=\"sub-title-wrapper top\">\n\t\t\t\t\t\t\t\t\t\t\t\t\t\t\t\t\t\t\t<img decoding=\"async\" class=\"sub_pre\" src=\"https:\/\/2arent.al\/wp-content\/uploads\/2023\/11\/remons-icon-heading.png\" alt=\"\">\n\t\t\t\t\t\t\t\t\t\t\t\t\t\t\t\t\t\t\t<p class=\"sub-title\">Rreth Nesh<\/p>\n\t\t\t\t\t\t\t\t\t\t\t<\/div>\n\t\t\t\t\n\t\t\t\t\n            <\/div>\n\n\t\t\t\t\t\t\t<p class=\"description\">\u00c7far\u00eb duhet t\u00eb dini kur doni makina me qera ne Tirane? Tirana \u00ebsht\u00eb nj\u00eb qytet dinamik i gjall\u00eb, energjik, plot jet\u00eb dhe nj\u00eb num\u00ebr aktivitetesh. T\u00eb gjith\u00eb turist\u00ebt e duan ushqimin, diversitetin, \u00e7mimet e mira dhe p\u00ebrvoj\u00ebn e paharrueshme me mikpritjen dhe vitalitetin e popullit shqiptar. Meqen\u00ebse kryeqyteti po arrin pothuajse 1 milion njer\u00ebz, Tirana \u00ebsht\u00eb qyteti m\u00eb i vizituar i Shqip\u00ebris\u00eb.<\/p>\n\t\t\t\n\t\t<\/div>\n\t\t \t\n\t\t\t\t\t\t<\/div>\n\t\t\t\t<\/div>\n\t\t\t\t<div class=\"elementor-element elementor-element-91ba0a3 elementor-position-inline-start elementor-view-default elementor-widget elementor-widget-icon-box\" data-id=\"91ba0a3\" data-element_type=\"widget\" data-e-type=\"widget\" data-widget_type=\"icon-box.default\">\n\t\t\t\t<div class=\"elementor-widget-container\">\n\t\t\t\t\t\t\t<div class=\"elementor-icon-box-wrapper\">\n\n\t\t\t\t\t\t<div class=\"elementor-icon-box-icon\">\n\t\t\t\t<span  class=\"elementor-icon\">\n\t\t\t\t<svg xmlns=\"http:\/\/www.w3.org\/2000\/svg\" xmlns:xlink=\"http:\/\/www.w3.org\/1999\/xlink\" width=\"62\" height=\"62\" viewBox=\"0 0 62 62\"><image id=\"_2910356\" data-name=\"2910356\" width=\"62\" height=\"62\" xlink:href=\"data:img\/png;base64,iVBORw0KGgoAAAANSUhEUgAAAD4AAAA+CAYAAABzwahEAAAHWklEQVRogeVbaWxVRRT+yiIBWpGlEoRqjAIVQ\/CHbEIBccEF3GKiARFCU+JGVKwiSjRuiXFDLFhFNKIx1oBiU6kLqCAgP4wrgiIa0SqblaVQf7D0mUO+IeO8O\/fO3HffaytfcjP3zX7mnDPnzJn78lJD+10G4EUAfZBd\/AFgOoD3szyOE4TwuhwQrSBjnZqjsULRTiM6L8tjpQAUZXkMZ7RpKRPJNXwJF44tBdDA5x0A\/Vsj4aLjKfUeUVeI\/gZANyN\/N4BB3LzC4DpOTuDD8bkkupaLUMQdWvKeaQnE+MCH4yLaBSRYcVfef2dZl4j2rZbjqZhlLRI+hCvHY6Em6guNslYDH1E\/HcAWAG2N\/CMA+gL4NaJ9qxT13gCqAogG894E0CvhuWUVLoR3ALAMwBC6nNcCOJHPNQA2AxjKOh3+T4RPBTCYRJ8D4G0A+\/kIsedxlxfib8zBnBOBC+FTmN5JZ8WE5M006iYBUaFJANZykVMxnj8BPA7gBHM+LpubENaVor3fUkfK9rFud0sdn82tOx2lIQktohA\/W89w4XhXpg0hK76PdUx3Ng46AfiYRG8FMJmba16Mp4Tjp6lguwQmmjTK6fv\/BGAkgL8y6H8t01PMAhfCc2V3hdN38QH3lEyIDkVL4Xh3ivcg\/hYT+UE2BwzScVN\/bfmuTxTaciNT4n05gAEAmoxxE0VL4Pj12kYmm9GuXAwaxHFz9zTzd\/L3CG3X3Bmy40bhFpY\/YBA9HsCnyZNMYjwOKQpmfdf2tnriG+TTZG1j3hwADxt1S7Rd2geB47rouE3nXdtFQXlVagcfA+ARAIcB3A2gkvlrHOZmemrtmR4059ASdFycn0IAnQHsBfAg88XTepqT\/4fucI+IvsRez+IizGbECJqDdQwuOu6qs3F1XE1KubqDmb7G9BCdmkKHuZmemupzrwvhucZvHO9Mpp2ZxnFeTE9N9bnVrBgk6nFt5g62XczfU2ijF5sHBAPfAbgAwHOWYMY62vQSS3tbuZwttvP9e7NRkjrek+ksI7+cG5UNm5jfz1LeFMEMW3mBpuObzMIkdXyEser679u1\/CeMBb+Yaa3lbk36GBUyrq28SAuCXmQWZsOO237reBLAPfxdz01IxeszDUrq7VXc\/2\/TIuRyc9MlYKqWnxYdyQLSVDqXhH+u7bqFWv5KpgsTvkbW4\/4rzUKT8KsAfE2HQWLoi4zbUFW\/CclhNkNWl1IsfYlLBdlp9nUJ+06zKjrhV\/DaVyKpHWkDSwFspBtYqInojwkSvplH0iU0QQr5Ee2COFqglTcwIjyMTPwPgj4FuR\/AswBOA3ArgJsCLhJkQV7he9zNzrZ5redkxxqnM5tJ260RN5YBjfUMe1vRhh\/k1GkVqinqPwC4jR2sANBIe6gTnQ3Uss+ZEX0HcVS1WR41L+G4en8XwJXUl0naBJJGFMe7UZUKeTx9zHH8OTzVyZm+GMCesMq6jt9AHT8JQA1Fvjku+ER0y3g4eZRzGWvR+XyWvUeiD7FtKNEwOA4Seh+DALIob3FBwlxOX7g6KBOoUlFHUQVxhKZxoSJhmrMURWsCRf46LRCQa9Tw+nmdw7jrWNeJaIQ4MLUUoQPczIYlRLSyDkci6hXwdFdJ8wpKYXvtzNCeeWCd+WRU1CcpR2GKuomHGASsoZ3PFD14zq43vDeFbtxbSi0EbKHeg5tZ34A6DTzizrVccjoR3oOH+E6MjHyZIeEjGTuTfs41yibz6yml0we4ed1M8xpEqFoIcbhe0NqAG1wZTV4aonx14czzFK1FCRwo1CHlCy1PDhAVDDUJ0R9ykeexXDy0TwBsCOhvA8uUjz+PMfoVvOxcShVI+5IjiuNgKOhbAGcAeIOciRulkWjLQMbMl3PhXwcwkVy9A8BLrHs1zWsdiVCcrGA6g2kjRbqIX2gsI6PK6IGKNLxK9Tl2xnA5nTXy848GOjZVFH1fjCfR28hVULQn0oKM04gWfMW0iEQr7\/KwZl7ryBjFcaWKKfrx4xjMlDPGU\/p8XTiuMIreXVe36laIG7yAJrOaRJxvMVu7GESYQf1db5QPJ+HzGcw4OaCPEvrvolJyWvsInufxzzjZTFFN8aukSJaH2OpSntxWWryxPdot6zRLH2t4MSFjvayiuL6BiI5M18b4OkEFIfqTg70pmvNDxqvRbkHGMK3io+cdpNtqQwVVp49aIF\/CBzDd6NlObzOQx13BvR5BDUXkaj56XhSatGCEnODa+YaXz2aaFq51gGoznX\/P+Jli6orRrLdKqz\/ao72YuF9onYY3B8fPYrrEwywW87JhByM2m\/nei2UukLGWsN6FcQnPhOMK5oYWdruqc1vVW2WUmQjqT41Z4kN4L\/rSu7WrGR9sN3xnH6nR9RvGu6ue62P29iFc6XccMVfQue5zKahuSnT9juJ4EOqZ19OH8EzEXEFftEbHNsW8\/VT6rRBHz9WXmV2ak+OuUKK8ytBZFz23ojk57gpF1OqA+nH0\/Cj0S8PjCsfnPw0B\/AuPmvpjZUC0+wAAAABJRU5ErkJggg==\"><\/image><\/svg>\t\t\t\t<\/span>\n\t\t\t<\/div>\n\t\t\t\n\t\t\t\t\t\t<div class=\"elementor-icon-box-content\">\n\n\t\t\t\t\t\t\t\t\t<h3 class=\"elementor-icon-box-title\">\n\t\t\t\t\t\t<span  >\n\t\t\t\t\t\t\tMakina me qera ne 2a Rent\t\t\t\t\t\t<\/span>\n\t\t\t\t\t<\/h3>\n\t\t\t\t\n\t\t\t\t\t\t\t\t\t<p class=\"elementor-icon-box-description\">\n\t\t\t\t\t\tP\u00ebr t\u00eb shijuar t\u00eb gjitha k\u00ebto p\u00ebrvoja dhe destinacione, mund t\u2019ju duhet t\u00eb merrni me qira nj\u00eb makin\u00eb. Sh\u00ebrbimi p\u00ebr makina me qera n\u00eb Tiran\u00eb \u00ebsht\u00eb i arritsh\u00ebm dhe i leht\u00eb p\u00ebr t\u2019u p\u00ebrdorur nga kompania 2a Rent. Ne do t\u00eb d\u00ebshironim t\u00eb ishim n\u00eb sh\u00ebrbim sa her\u00eb q\u00eb t\u00eb ndieni nevoj\u00ebn p\u00ebr t\u00eb shkuar n\u00eb nj\u00eb vend t\u00eb d\u00ebshiruar.\t\t\t\t\t<\/p>\n\t\t\t\t\n\t\t\t<\/div>\n\t\t\t\n\t\t<\/div>\n\t\t\t\t\t\t<\/div>\n\t\t\t\t<\/div>\n\t\t\t\t<\/div>\n\t\t\t\t\t<\/div>\n\t\t\t\t<\/div>\n\t\t<div class=\"elementor-element elementor-element-0515db9 e-flex e-con-boxed e-con e-parent\" data-id=\"0515db9\" data-element_type=\"container\" data-e-type=\"container\" data-settings=\"{&quot;background_background&quot;:&quot;classic&quot;}\">\n\t\t\t\t\t<div class=\"e-con-inner\">\n\t\t<div class=\"elementor-element elementor-element-5d024dc e-con-full e-flex e-con e-child\" data-id=\"5d024dc\" data-element_type=\"container\" data-e-type=\"container\" data-settings=\"{&quot;background_background&quot;:&quot;gradient&quot;}\">\n\t\t<div class=\"elementor-element elementor-element-d37752b e-flex e-con-boxed e-con e-child\" data-id=\"d37752b\" data-element_type=\"container\" data-e-type=\"container\">\n\t\t\t\t\t<div class=\"e-con-inner\">\n\t\t\t\t<div class=\"elementor-element elementor-element-7626bbe elementor-widget elementor-widget-remons_elementor_heading\" data-id=\"7626bbe\" data-element_type=\"widget\" data-e-type=\"widget\" data-widget_type=\"remons_elementor_heading.default\">\n\t\t\t\t<div class=\"elementor-widget-container\">\n\t\t\t\t\t\n\t\t<div class=\"ova-heading\">\n            \n            <div class=\"top-heading\">\n\n            \t\n\t\t\t\t\n\t\t\t\t\t<div class=\"title-wrapper\" style=\"position: relative;\">\n\t\t\t\t\t\t\n\t\t\t\t\t\t\t<h2 class=\"title\">Ulje 50% <\/h2>\n\n\t\t\t\t\t\t\n\t\t\t\t\t\t\t\t\t\t\t<\/div>\n\n\t\t\t\t\n            <\/div>\n\n\t\t\t\t\t\t\t<p class=\"description\">p\u00ebr t\u00eb gjitha makinat me q\u00ebra p\u00ebr 1 muaj<\/p>\n\t\t\t\n\t\t<\/div>\n\t\t \t\n\t\t\t\t\t\t<\/div>\n\t\t\t\t<\/div>\n\t\t\t\t<div class=\"elementor-element elementor-element-5fd897b elementor-widget elementor-widget-button\" data-id=\"5fd897b\" data-element_type=\"widget\" data-e-type=\"widget\" data-widget_type=\"button.default\">\n\t\t\t\t<div class=\"elementor-widget-container\">\n\t\t\t\t\t\t\t\t\t<div class=\"elementor-button-wrapper\">\n\t\t\t\t\t<a class=\"elementor-button elementor-button-link elementor-size-sm\" href=\"https:\/\/2arent.al\/sq\/lista-e-kerkimit-te-makinave\/\">\n\t\t\t\t\t\t<span class=\"elementor-button-content-wrapper\">\n\t\t\t\t\t\t\t\t\t<span class=\"elementor-button-text\">Rezervoni makin\u00ebn tuaj<\/span>\n\t\t\t\t\t<\/span>\n\t\t\t\t\t<\/a>\n\t\t\t\t<\/div>\n\t\t\t\t\t\t\t\t<\/div>\n\t\t\t\t<\/div>\n\t\t\t\t\t<\/div>\n\t\t\t\t<\/div>\n\t\t\t\t<\/div>\n\t\t\t\t\t<\/div>\n\t\t\t\t<\/div>\n\t\t<div class=\"elementor-element elementor-element-b7a6496 e-flex e-con-boxed e-con e-parent\" data-id=\"b7a6496\" data-element_type=\"container\" data-e-type=\"container\">\n\t\t\t\t\t<div class=\"e-con-inner\">\n\t\t\t\t<div class=\"elementor-element elementor-element-fc1a572 e-transform elementor-widget elementor-widget-image\" data-id=\"fc1a572\" data-element_type=\"widget\" data-e-type=\"widget\" data-settings=\"{&quot;_transform_flipX_effect&quot;:&quot;transform&quot;}\" data-widget_type=\"image.default\">\n\t\t\t\t<div class=\"elementor-widget-container\">\n\t\t\t\t\t\t\t\t\t\t\t\t\t\t\t<img loading=\"lazy\" decoding=\"async\" width=\"947\" height=\"302\" src=\"https:\/\/2arent.al\/wp-content\/uploads\/2023\/11\/car-slideshow-2.png\" class=\"elementor-animation-sink attachment-full size-full wp-image-7245\" alt=\"\" srcset=\"https:\/\/2arent.al\/wp-content\/uploads\/2023\/11\/car-slideshow-2.png 947w, https:\/\/2arent.al\/wp-content\/uploads\/2023\/11\/car-slideshow-2-700x223.png 700w, https:\/\/2arent.al\/wp-content\/uploads\/2023\/11\/car-slideshow-2-300x96.png 300w, https:\/\/2arent.al\/wp-content\/uploads\/2023\/11\/car-slideshow-2-768x245.png 768w\" sizes=\"auto, (max-width: 947px) 100vw, 947px\" \/>\t\t\t\t\t\t\t\t\t\t\t\t\t\t\t<\/div>\n\t\t\t\t<\/div>\n\t\t\t\t<div class=\"elementor-element elementor-element-954ca77 elementor-absolute elementor-hidden-mobile elementor-widget elementor-widget-image\" data-id=\"954ca77\" data-element_type=\"widget\" data-e-type=\"widget\" data-settings=\"{&quot;_position&quot;:&quot;absolute&quot;}\" data-widget_type=\"image.default\">\n\t\t\t\t<div class=\"elementor-widget-container\">\n\t\t\t\t\t\t\t\t\t\t\t\t\t\t\t<img loading=\"lazy\" decoding=\"async\" width=\"157\" height=\"157\" src=\"https:\/\/2arent.al\/wp-content\/uploads\/2025\/01\/Bagde-2A.png\" class=\"attachment-large size-large wp-image-7992\" alt=\"\" srcset=\"https:\/\/2arent.al\/wp-content\/uploads\/2025\/01\/Bagde-2A.png 157w, https:\/\/2arent.al\/wp-content\/uploads\/2025\/01\/Bagde-2A-150x150.png 150w\" sizes=\"auto, (max-width: 157px) 100vw, 157px\" \/>\t\t\t\t\t\t\t\t\t\t\t\t\t\t\t<\/div>\n\t\t\t\t<\/div>\n\t\t\t\t\t<\/div>\n\t\t\t\t<\/div>\n\t\t<div class=\"elementor-element elementor-element-a0069e8 e-flex e-con-boxed e-con e-parent\" data-id=\"a0069e8\" data-element_type=\"container\" data-e-type=\"container\">\n\t\t\t\t\t<div class=\"e-con-inner\">\n\t\t\t\t<div class=\"elementor-element elementor-element-a22fcc6 elementor-widget elementor-widget-remons_elementor_images_slider\" data-id=\"a22fcc6\" data-element_type=\"widget\" data-e-type=\"widget\" data-settings=\"{&quot;nav_control&quot;:&quot;yes&quot;,&quot;pause_on_hover&quot;:&quot;yes&quot;,&quot;infinite&quot;:&quot;yes&quot;,&quot;autoplay&quot;:&quot;yes&quot;,&quot;autoplay_speed&quot;:3000,&quot;rtl&quot;:&quot;no&quot;}\" data-widget_type=\"remons_elementor_images_slider.default\">\n\t\t\t\t<div class=\"elementor-widget-container\">\n\t\t\t\t\t\n\t\t<div class=\"ova-images-slider owl-carousel owl-theme \" data-options=\"{&quot;items&quot;:6,&quot;slideBy&quot;:1,&quot;margin&quot;:30,&quot;autoplayHoverPause&quot;:true,&quot;loop&quot;:true,&quot;autoplay&quot;:true,&quot;autoplayTimeout&quot;:3000,&quot;smartSpeed&quot;:500,&quot;dots&quot;:false,&quot;nav&quot;:true,&quot;rtl&quot;:false}\" >\n\t\t\t\t\t\t\t\n\t\t\t    <div class=\"item-images-slider\">\n\t\t\t    \t<img decoding=\"async\" src=\"https:\/\/2arent.al\/wp-content\/uploads\/2023\/10\/logo-slider-01.png\" alt=\"\">\n\t\t\t    \t\t\t\t    <\/div>\n\n\t\t\t\t\t\t\t\n\t\t\t    <div class=\"item-images-slider\">\n\t\t\t    \t<img decoding=\"async\" src=\"https:\/\/2arent.al\/wp-content\/uploads\/2023\/10\/logo-slider-02.png\" alt=\"\">\n\t\t\t    \t\t\t\t    <\/div>\n\n\t\t\t\t\t\t\t\n\t\t\t    <div class=\"item-images-slider\">\n\t\t\t    \t<img decoding=\"async\" src=\"https:\/\/2arent.al\/wp-content\/uploads\/2023\/10\/logo-slider-03.png\" alt=\"\">\n\t\t\t    \t\t\t\t    <\/div>\n\n\t\t\t\t\t\t\t\n\t\t\t    <div class=\"item-images-slider\">\n\t\t\t    \t<img decoding=\"async\" src=\"https:\/\/2arent.al\/wp-content\/uploads\/2023\/10\/logo-slider-04.png\" alt=\"\">\n\t\t\t    \t\t\t\t    <\/div>\n\n\t\t\t\t\t\t\t\n\t\t\t    <div class=\"item-images-slider\">\n\t\t\t    \t<img decoding=\"async\" src=\"https:\/\/2arent.al\/wp-content\/uploads\/2023\/10\/logo-slider-05.png\" alt=\"\">\n\t\t\t    \t\t\t\t    <\/div>\n\n\t\t\t\t\t\t\t\n\t\t\t    <div class=\"item-images-slider\">\n\t\t\t    \t<img decoding=\"async\" src=\"https:\/\/2arent.al\/wp-content\/uploads\/2023\/10\/logo-slider-06.png\" alt=\"\">\n\t\t\t    \t\t\t\t    <\/div>\n\n\t\t\t\t\t\t\t\n\t\t\t    <div class=\"item-images-slider\">\n\t\t\t    \t<img decoding=\"async\" src=\"https:\/\/2arent.al\/wp-content\/uploads\/2023\/10\/logo-slider-07.png\" alt=\"\">\n\t\t\t    \t\t\t\t    <\/div>\n\n\t\t\t\t\t<\/div> \t\n\t\t \t\n\t\t\t\t\t\t<\/div>\n\t\t\t\t<\/div>\n\t\t\t\t\t<\/div>\n\t\t\t\t<\/div>\n\t\t\t\t<\/div>\n\t\t","protected":false},"excerpt":{"rendered":"<p>Rreth Nesh \u00c7far\u00eb duhet t\u00eb dini kur doni makina me qera ne Tirane? Tirana \u00ebsht\u00eb nj\u00eb qytet dinamik i gjall\u00eb, energjik, plot jet\u00eb dhe nj\u00eb num\u00ebr aktivitetesh. T\u00eb gjith\u00eb turist\u00ebt e duan ushqimin, diversitetin, \u00e7mimet e mira dhe p\u00ebrvoj\u00ebn e paharrueshme me mikpritjen dhe vitalitetin e popullit shqiptar. Meqen\u00ebse kryeqyteti po arrin pothuajse 1 milion [&hellip;]<\/p>\n","protected":false},"author":1,"featured_media":0,"parent":0,"menu_order":0,"comment_status":"closed","ping_status":"closed","template":"elementor_header_footer","meta":{"footnotes":""},"class_list":["post-7470","page","type-page","status-publish","hentry"],"yoast_head":"<!-- This site is optimized with the Yoast SEO plugin v27.3 - https:\/\/yoast.com\/product\/yoast-seo-wordpress\/ -->\n<title>Rreth Nesh - 2a Rent<\/title>\n<meta name=\"robots\" content=\"index, follow, max-snippet:-1, max-image-preview:large, max-video-preview:-1\" \/>\n<link rel=\"canonical\" href=\"https:\/\/2arent.al\/sq\/rreth-nesh\/\" \/>\n<meta property=\"og:locale\" content=\"sq_AL\" \/>\n<meta property=\"og:type\" content=\"article\" \/>\n<meta property=\"og:title\" content=\"Rreth Nesh - 2a Rent\" \/>\n<meta property=\"og:description\" content=\"Rreth Nesh \u00c7far\u00eb duhet t\u00eb dini kur doni makina me qera ne Tirane? Tirana \u00ebsht\u00eb nj\u00eb qytet dinamik i gjall\u00eb, energjik, plot jet\u00eb dhe nj\u00eb num\u00ebr aktivitetesh. T\u00eb gjith\u00eb turist\u00ebt e duan ushqimin, diversitetin, \u00e7mimet e mira dhe p\u00ebrvoj\u00ebn e paharrueshme me mikpritjen dhe vitalitetin e popullit shqiptar. Meqen\u00ebse kryeqyteti po arrin pothuajse 1 milion [&hellip;]\" \/>\n<meta property=\"og:url\" content=\"https:\/\/2arent.al\/sq\/rreth-nesh\/\" \/>\n<meta property=\"og:site_name\" content=\"2a Rent\" \/>\n<meta property=\"article:modified_time\" content=\"2025-01-19T18:55:09+00:00\" \/>\n<meta property=\"og:image\" content=\"https:\/\/2arent.al\/wp-content\/uploads\/2023\/11\/about-people1.jpg\" \/>\n<meta name=\"twitter:card\" content=\"summary_large_image\" \/>\n<meta name=\"twitter:label1\" content=\"Est. reading time\" \/>\n\t<meta name=\"twitter:data1\" content=\"1 minute\" \/>\n<script type=\"application\/ld+json\" class=\"yoast-schema-graph\">{\"@context\":\"https:\\\/\\\/schema.org\",\"@graph\":[{\"@type\":\"WebPage\",\"@id\":\"https:\\\/\\\/2arent.al\\\/sq\\\/rreth-nesh\\\/\",\"url\":\"https:\\\/\\\/2arent.al\\\/sq\\\/rreth-nesh\\\/\",\"name\":\"Rreth Nesh - 2a Rent\",\"isPartOf\":{\"@id\":\"https:\\\/\\\/2arent.al\\\/sq\\\/#website\"},\"primaryImageOfPage\":{\"@id\":\"https:\\\/\\\/2arent.al\\\/sq\\\/rreth-nesh\\\/#primaryimage\"},\"image\":{\"@id\":\"https:\\\/\\\/2arent.al\\\/sq\\\/rreth-nesh\\\/#primaryimage\"},\"thumbnailUrl\":\"https:\\\/\\\/2arent.al\\\/wp-content\\\/uploads\\\/2023\\\/11\\\/about-people1.jpg\",\"datePublished\":\"2023-10-17T08:56:54+00:00\",\"dateModified\":\"2025-01-19T18:55:09+00:00\",\"breadcrumb\":{\"@id\":\"https:\\\/\\\/2arent.al\\\/sq\\\/rreth-nesh\\\/#breadcrumb\"},\"inLanguage\":\"sq-AL\",\"potentialAction\":[{\"@type\":\"ReadAction\",\"target\":[\"https:\\\/\\\/2arent.al\\\/sq\\\/rreth-nesh\\\/\"]}]},{\"@type\":\"ImageObject\",\"inLanguage\":\"sq-AL\",\"@id\":\"https:\\\/\\\/2arent.al\\\/sq\\\/rreth-nesh\\\/#primaryimage\",\"url\":\"https:\\\/\\\/2arent.al\\\/wp-content\\\/uploads\\\/2023\\\/11\\\/about-people1.jpg\",\"contentUrl\":\"https:\\\/\\\/2arent.al\\\/wp-content\\\/uploads\\\/2023\\\/11\\\/about-people1.jpg\"},{\"@type\":\"BreadcrumbList\",\"@id\":\"https:\\\/\\\/2arent.al\\\/sq\\\/rreth-nesh\\\/#breadcrumb\",\"itemListElement\":[{\"@type\":\"ListItem\",\"position\":1,\"name\":\"Home\",\"item\":\"https:\\\/\\\/2arent.al\\\/sq\\\/\"},{\"@type\":\"ListItem\",\"position\":2,\"name\":\"Rreth Nesh\"}]},{\"@type\":\"WebSite\",\"@id\":\"https:\\\/\\\/2arent.al\\\/sq\\\/#website\",\"url\":\"https:\\\/\\\/2arent.al\\\/sq\\\/\",\"name\":\"2a Rent\",\"description\":\"\",\"publisher\":{\"@id\":\"https:\\\/\\\/2arent.al\\\/sq\\\/#organization\"},\"potentialAction\":[{\"@type\":\"SearchAction\",\"target\":{\"@type\":\"EntryPoint\",\"urlTemplate\":\"https:\\\/\\\/2arent.al\\\/sq\\\/?s={search_term_string}\"},\"query-input\":{\"@type\":\"PropertyValueSpecification\",\"valueRequired\":true,\"valueName\":\"search_term_string\"}}],\"inLanguage\":\"sq-AL\"},{\"@type\":\"Organization\",\"@id\":\"https:\\\/\\\/2arent.al\\\/sq\\\/#organization\",\"name\":\"2a Rent\",\"url\":\"https:\\\/\\\/2arent.al\\\/sq\\\/\",\"logo\":{\"@type\":\"ImageObject\",\"inLanguage\":\"sq-AL\",\"@id\":\"https:\\\/\\\/2arent.al\\\/sq\\\/#\\\/schema\\\/logo\\\/image\\\/\",\"url\":\"https:\\\/\\\/2arent.al\\\/wp-content\\\/uploads\\\/2023\\\/10\\\/logo2arent.png\",\"contentUrl\":\"https:\\\/\\\/2arent.al\\\/wp-content\\\/uploads\\\/2023\\\/10\\\/logo2arent.png\",\"width\":326,\"height\":155,\"caption\":\"2a Rent\"},\"image\":{\"@id\":\"https:\\\/\\\/2arent.al\\\/sq\\\/#\\\/schema\\\/logo\\\/image\\\/\"}}]}<\/script>\n<!-- \/ Yoast SEO plugin. -->","yoast_head_json":{"title":"Rreth Nesh - 2a Rent","robots":{"index":"index","follow":"follow","max-snippet":"max-snippet:-1","max-image-preview":"max-image-preview:large","max-video-preview":"max-video-preview:-1"},"canonical":"https:\/\/2arent.al\/sq\/rreth-nesh\/","og_locale":"sq_AL","og_type":"article","og_title":"Rreth Nesh - 2a Rent","og_description":"Rreth Nesh \u00c7far\u00eb duhet t\u00eb dini kur doni makina me qera ne Tirane? Tirana \u00ebsht\u00eb nj\u00eb qytet dinamik i gjall\u00eb, energjik, plot jet\u00eb dhe nj\u00eb num\u00ebr aktivitetesh. T\u00eb gjith\u00eb turist\u00ebt e duan ushqimin, diversitetin, \u00e7mimet e mira dhe p\u00ebrvoj\u00ebn e paharrueshme me mikpritjen dhe vitalitetin e popullit shqiptar. Meqen\u00ebse kryeqyteti po arrin pothuajse 1 milion [&hellip;]","og_url":"https:\/\/2arent.al\/sq\/rreth-nesh\/","og_site_name":"2a Rent","article_modified_time":"2025-01-19T18:55:09+00:00","og_image":[{"url":"https:\/\/2arent.al\/wp-content\/uploads\/2023\/11\/about-people1.jpg","type":"","width":"","height":""}],"twitter_card":"summary_large_image","twitter_misc":{"Est. reading time":"1 minute"},"schema":{"@context":"https:\/\/schema.org","@graph":[{"@type":"WebPage","@id":"https:\/\/2arent.al\/sq\/rreth-nesh\/","url":"https:\/\/2arent.al\/sq\/rreth-nesh\/","name":"Rreth Nesh - 2a Rent","isPartOf":{"@id":"https:\/\/2arent.al\/sq\/#website"},"primaryImageOfPage":{"@id":"https:\/\/2arent.al\/sq\/rreth-nesh\/#primaryimage"},"image":{"@id":"https:\/\/2arent.al\/sq\/rreth-nesh\/#primaryimage"},"thumbnailUrl":"https:\/\/2arent.al\/wp-content\/uploads\/2023\/11\/about-people1.jpg","datePublished":"2023-10-17T08:56:54+00:00","dateModified":"2025-01-19T18:55:09+00:00","breadcrumb":{"@id":"https:\/\/2arent.al\/sq\/rreth-nesh\/#breadcrumb"},"inLanguage":"sq-AL","potentialAction":[{"@type":"ReadAction","target":["https:\/\/2arent.al\/sq\/rreth-nesh\/"]}]},{"@type":"ImageObject","inLanguage":"sq-AL","@id":"https:\/\/2arent.al\/sq\/rreth-nesh\/#primaryimage","url":"https:\/\/2arent.al\/wp-content\/uploads\/2023\/11\/about-people1.jpg","contentUrl":"https:\/\/2arent.al\/wp-content\/uploads\/2023\/11\/about-people1.jpg"},{"@type":"BreadcrumbList","@id":"https:\/\/2arent.al\/sq\/rreth-nesh\/#breadcrumb","itemListElement":[{"@type":"ListItem","position":1,"name":"Home","item":"https:\/\/2arent.al\/sq\/"},{"@type":"ListItem","position":2,"name":"Rreth Nesh"}]},{"@type":"WebSite","@id":"https:\/\/2arent.al\/sq\/#website","url":"https:\/\/2arent.al\/sq\/","name":"2a Rent","description":"","publisher":{"@id":"https:\/\/2arent.al\/sq\/#organization"},"potentialAction":[{"@type":"SearchAction","target":{"@type":"EntryPoint","urlTemplate":"https:\/\/2arent.al\/sq\/?s={search_term_string}"},"query-input":{"@type":"PropertyValueSpecification","valueRequired":true,"valueName":"search_term_string"}}],"inLanguage":"sq-AL"},{"@type":"Organization","@id":"https:\/\/2arent.al\/sq\/#organization","name":"2a Rent","url":"https:\/\/2arent.al\/sq\/","logo":{"@type":"ImageObject","inLanguage":"sq-AL","@id":"https:\/\/2arent.al\/sq\/#\/schema\/logo\/image\/","url":"https:\/\/2arent.al\/wp-content\/uploads\/2023\/10\/logo2arent.png","contentUrl":"https:\/\/2arent.al\/wp-content\/uploads\/2023\/10\/logo2arent.png","width":326,"height":155,"caption":"2a Rent"},"image":{"@id":"https:\/\/2arent.al\/sq\/#\/schema\/logo\/image\/"}}]}},"_links":{"self":[{"href":"https:\/\/2arent.al\/sq\/wp-json\/wp\/v2\/pages\/7470","targetHints":{"allow":["GET"]}}],"collection":[{"href":"https:\/\/2arent.al\/sq\/wp-json\/wp\/v2\/pages"}],"about":[{"href":"https:\/\/2arent.al\/sq\/wp-json\/wp\/v2\/types\/page"}],"author":[{"embeddable":true,"href":"https:\/\/2arent.al\/sq\/wp-json\/wp\/v2\/users\/1"}],"replies":[{"embeddable":true,"href":"https:\/\/2arent.al\/sq\/wp-json\/wp\/v2\/comments?post=7470"}],"version-history":[{"count":12,"href":"https:\/\/2arent.al\/sq\/wp-json\/wp\/v2\/pages\/7470\/revisions"}],"predecessor-version":[{"id":7999,"href":"https:\/\/2arent.al\/sq\/wp-json\/wp\/v2\/pages\/7470\/revisions\/7999"}],"wp:attachment":[{"href":"https:\/\/2arent.al\/sq\/wp-json\/wp\/v2\/media?parent=7470"}],"curies":[{"name":"wp","href":"https:\/\/api.w.org\/{rel}","templated":true}]}}