{"id":7466,"date":"2023-10-17T09:06:15","date_gmt":"2023-10-17T09:06:15","guid":{"rendered":"https:\/\/2arent.al\/lista-e-kerkimit-te-makinave\/"},"modified":"2025-01-23T20:46:02","modified_gmt":"2025-01-23T20:46:02","slug":"lista-e-kerkimit-te-makinave","status":"publish","type":"page","link":"https:\/\/2arent.al\/sq\/lista-e-kerkimit-te-makinave\/","title":{"rendered":"Lista e k\u00ebrkimit t\u00eb makinave"},"content":{"rendered":"\t\t<div data-elementor-type=\"wp-page\" data-elementor-id=\"7466\" class=\"elementor elementor-7466 elementor-70\">\n\t\t\t\t<div class=\"elementor-element elementor-element-42e2b29 e-flex e-con-boxed e-con e-parent\" data-id=\"42e2b29\" data-element_type=\"container\" data-e-type=\"container\">\n\t\t\t\t\t<div class=\"e-con-inner\">\n\t\t\t\t<div class=\"elementor-element elementor-element-94c450a elementor-widget elementor-widget-remons_elementor_product_search_ajax\" data-id=\"94c450a\" data-element_type=\"widget\" data-e-type=\"widget\" data-widget_type=\"remons_elementor_product_search_ajax.default\">\n\t\t\t\t<div class=\"elementor-widget-container\">\n\t\t\t\t\t\n\t\t\t<div class=\"ovabrw-product-search-ajax search-position-left\">\n\n\t\t\t\t<!-- Search Form -->\n\t\t\t\t<div class=\"ova-product-search ovabrw_wd_search\">\n\t\t\t\t\t<form\n\t\t\t\t\t\tclass=\"product-search-form\"\n\t\t\t\t\t\tmethod=\"POST\"\n\t\t\t\t\t\taction=\"\"\n\t\t\t\t\t\tautocomplete=\"off\"\n\t\t\t\t\t\tautocapitalize=\"none\">\n\t\t\t\t\t\t<div class=\"product-search-content wrap_content column1\">\n\t\t\t\t\t\t\t<h2 class=\"search-heading\">\n\t\t\t\t\t\t\t\tK\u00ebrko p\u00ebr rezervim\t\t\t\t\t\t\t<\/h2>\n\t\t\t\t\t\t\t\t\t\t\t\t\t\t\t\t\t<div class=\"label_search ova-pickup-date\">\n\t\t\t\t\t\t\t\t\t\t\t<label class=\"field-label\">\n\t\t\t\t\t\t\t\t\t\t\t\tData e marjes\t\t\t\t\t\t\t\t\t\t\t<\/label>\n\t\t\t\t\t\t\t\t\t\t\t<div class=\"input-with-icon\" style=\"position: relative;\">\n\t\t\t\t\t\t\t\t\t\t\t\t<input type=\"text\" id=\"ovabrw_ovabrw_pickup_date_1775741007_29724890\" class=\"ovabrw_start_date ovabrw-datetimepicker-start\" name=\"ovabrw_pickup_date\" value=\"\" placeholder=\"Dita-Muaj-Viti Or\u00eb:Min\"   \/>\t\t\t\t\t\t\t\t\t\t\t\t<i class=\"ova-calendar ovaicon-calendar\"><\/i>\n\t\t\t\t\t\t\t\t\t\t\t<\/div>\n\t\t\t\t\t\t\t\t\t\t<\/div>\n\t\t\t\t\t\t\t\t\t\t\t\t\t\t\t\t\t\t\t\t\t\t\t\t\t\t<div class=\"label_search ova-pickup-location\">\n\t\t\t\t\t\t\t\t\t\t\t<label class=\"field-label\">\n\t\t\t\t\t\t\t\t\t\t\t\tNisja\t\t\t\t\t\t\t\t\t\t\t<\/label>\n\t\t\t\t\t\t\t\t\t\t\t<select name=\"ovabrw_pickup_loc\" class=\"ovabrw_pickup_loc\"><option value=\"\">Zgjidhni vendndodhjen<\/option><option value=\"Tirana Center Office\" >Tirana Center Office<\/option><option value=\"Tirana Airport\" >Tirana Airport<\/option><\/select>\t\t\t\t\t\t\t\t\t\t<\/div>\n\t\t\t\t\t\t\t\t\t\t\t\t\t\t\t\t\t\t\t\t\t\t\t\t\t\t<div class=\"label_search ova-dropoff-date\">\n\t\t\t\t\t\t\t\t\t\t\t<label class=\"field-label\">\n\t\t\t\t\t\t\t\t\t\t\t\tData e dor\u00ebzimit\t\t\t\t\t\t\t\t\t\t\t<\/label>\n\t\t\t\t\t\t\t\t\t\t\t<div class=\"input-with-icon\" style=\"position: relative;\">\n\t\t\t\t\t\t\t\t\t\t\t\t<input type=\"text\" id=\"ovabrw_ovabrw_pickoff_date_1775741007_2146605775\" class=\"ovabrw_end_date ovabrw-datetimepicker-end\" name=\"ovabrw_pickoff_date\" value=\"\" placeholder=\"Dita-Muaj-Viti Or\u00eb:Min\"   \/>\t\t\t\t\t\t\t\t\t\t\t\t<i class=\"ova-calendar ovaicon-calendar\"><\/i>\n\t\t\t\t\t\t\t\t\t\t\t<\/div>\n\t\t\t\t\t\t\t\t\t\t<\/div>\n\t\t\t\t\t\t\t\t\t\t\t\t\t\t\t\t\t\t\t\t\t\t\t\t\t\t<div class=\"label_search ova-dropoff-location\">\n\t\t\t\t\t\t\t\t\t\t\t<label class=\"field-label\">\n\t\t\t\t\t\t\t\t\t\t\t\tMb\u00ebrritja\t\t\t\t\t\t\t\t\t\t\t<\/label>\n\t\t\t\t\t\t\t\t\t\t\t<select name=\"ovabrw_dropoff_loc\" class=\"ovabrw_dropoff_loc\"><option value=\"\">Zgjidhni vendndodhjen<\/option><option value=\"Tirana Center Office\" >Tirana Center Office<\/option><option value=\"Tirana Airport\" >Tirana Airport<\/option><\/select>\t\t\t\t\t\t\t\t\t\t<\/div>\n\t\t\t\t\t\t\t\t\t\t\t\t\t\t\t\t\t\t\t\t\t\t\t\t\t\t\t\t\t\t\t\t\t\t\t\t\t\t\t\t\t\t\t\t\t\t\t\t\t\t\t\t\t\t\t\t\t\t\n\t\t\t\t\t\t\t\t\t\t\t\t\t\t\t<div class=\"show_taxonomy\" data-show_taxonomy=\"\"><\/div>\n\t\t\t\t\t\t\t\t<input\n\t\t\t\t\t\t\t\t\ttype=\"hidden\"\n\t\t\t\t\t\t\t\t\tid=\"data_taxonomy_custom\"\n\t\t\t\t\t\t\t\t\tname=\"data_taxonomy_custom\"\n\t\t\t\t\t\t\t\t\tvalue=\"[]\"\n\t\t\t\t\t\t\t\t\/>\n\t\t\t\t\t\t\t\n\t\t\t\t\t\t\t<div class=\"product-search-submit\">\n\t\t\t                    <button class=\"ovabrw_btn_submit\" type=\"submit\">\n\t\t\t                    \tK\u00ebrko\t\t\t                    \t\t\t\t                    <\/button>\n\t\t\t                <\/div>\n\n\t\t\t\t            \t\t\t                \t<input type=\"hidden\" name=\"lang\" value=\"'.ICL_LANGUAGE_CODE.'\" \/>\n\t\t\t                \t\t\t\t\t\t<\/div>      \n\t\t\t\t\t<\/form>\n\t\t\t\t<\/div>\n\n\t\t\t\t<div class=\"wrap_search_result\">\n\n\t\t\t\t\t\t\t\t\t\t\t<div class=\"wrap_search_filter\">\n\t\t\t\t\t\t\t\t\t\t\t\t\t\t\t<div class=\"results_found\">\n\t\t\t\t\t\t\t\t\t\t\t\t\t\t\t\t\t\t<span>\n\t\t\t\t\t\t\t\t\t\t8 rezultate t\u00eb gjetura\t\t\t\t\t\t\t\t\t<\/span>\n\t\t\t\t\t\t\t\t\t\n\t\t\t\t\t\t\t\t\t\t\t\t\t\t\t\t\t\t\t<span>\n\t\t\t\t\t\t\t\t\t\t\t(Duke treguar 1-6)\t\t\t\t\t\t\t\t\t\t<\/span>\n\t\t\t\t\t\t\t\t\t\t\t\t\t\t\t\t\t<\/div>\n\t\t\t\t\t\t\t\n\t\t\t\t\t\t\t\t\t\t\t\t\t\t\t<div id=\"search_sort\">\n\t\t\t\t\t\t\t\t\t\t\t\t\t\t\t\t\t\t<select name=\"sort\">\n\t\t\t\t\t\t\t\t\t\t<option value=\"\">Rendit sipas<\/option>\n\t\t\t\t\t\t\t\t\t\t<option value=\"date-desc\" selected='selected'>\n\t\t\t\t\t\t\t\t\t\t\tM\u00eb t\u00eb rejat\t\t\t\t\t\t\t\t\t\t<\/option>\n\t\t\t\t\t\t\t\t\t\t<option value=\"date-asc\">\n\t\t\t\t\t\t\t\t\t\t\tM\u00eb te vjetrat\t\t\t\t\t\t\t\t\t\t<\/option>\n\t\t\t\t\t\t\t\t\t\t\t\t\t\t\t\t\t\t\t\t\t<option value=\"rating\">\n\t\t\t\t\t\t\t\t\t\t\t\tVler\u00ebsimi mesatar\t\t\t\t\t\t\t\t\t\t\t<\/option>\n\t\t\t\t\t\t\t\t\t\t\t\t\t\t\t\t\t\t\t\t<option value=\"a-z\" >\n\t\t\t\t\t\t\t\t\t\t\tSipas Alfabetit\t\t\t\t\t\t\t\t\t\t<\/option>\n\t\t\t\t\t\t\t\t\t\t<option value=\"z-a\"  >\n\t\t\t\t\t\t\t\t\t\t\tRendit nga Z te A\t\t\t\t\t\t\t\t\t\t<\/option>\n\t\t\t\t\t\t\t\t\t<\/select>\n\t\t\t\t\t\t\t\t<\/div>\n\t\t\t\t\t\t\t\t\t\t\t\t\t<\/div>\n\t\t\t\t\t\n\t\t\t\t\t<!-- Radius -->\n\t\t\t\t\t<div class=\"wrap_search_radius\" \n\t\t\t\t\t\tdata-map_range_radius=\"50\" \n\t\t\t\t\t\tdata-map_range_radius_min=\"0\" \n\t\t\t\t\t\tdata-map_range_radius_max=\"100\">\n\t\t\t\t\t\t<span>Radius:<\/span>\n\t\t\t\t\t\t<span class=\"result_radius\">50km<\/span>\n\t\t\t\t\t\t<div id=\"wrap_pointer\"><\/div>\n\t\t\t\t\t\t<input\n\t\t\t\t\t\t\ttype=\"hidden\"\n\t\t\t\t\t\t\tvalue=\"50\"\n\t\t\t\t\t\t\tname=\"radius\"\n\t\t\t\t\t\t\/>\n\t\t\t\t\t<\/div>\n\t\t\t\t\t<!-- End Radius -->\n\n\t\t\t\t\t<!-- Load more -->\n\t\t\t\t\t<div class=\"wrap_load_more\" style=\"display: none;\">\n\t\t\t\t\t\t<svg class=\"loader\" width=\"50\" height=\"50\">\n\t\t\t\t\t\t\t<circle cx=\"25\" cy=\"25\" r=\"10\" stroke=\"#FF3726\"\/>\n\t\t\t\t\t\t\t<circle cx=\"25\" cy=\"25\" r=\"20\" stroke=\"#FF3726\"\/>\n\t\t\t\t\t\t<\/svg>\n\t\t\t\t\t<\/div>\n\n\t\t\t\t\t<!-- Search result -->\n\t\t\t\t\t<div\n\t\t\t\t\t\tid=\"search_result\"\n\t\t\t\t\t\tclass=\"search_result\"\n\t\t\t\t\t\tdata-card=\"card1\"\n\t\t\t\t\t\tdata-column=\"two-column\"\n\t\t\t\t\t\tdata-order=\"DESC\"\n\t\t\t\t\t\tdata-orderby=\"date\"\n\t\t\t\t\t\tdata-per_page=\"6\"\n\t\t\t\t\t\tdata-lat=\"39.177972\"\n\t\t\t\t\t\tdata-lng=\"-100.36375\"\n\t\t\t\t\t>\n\t\t\t\t\t\t\t\t\t\t\t\t\t\t<div class=\"ovabrw_pagination_ajax\">\n\t\t\t\t\t\t\t\t<ul><li><span data-paged=\"1\" class=\"prev page-numbers current\" >1<\/span><\/li><li><span data-paged=\"2\" class=\"prev page-numbers\" >2<\/span><\/li><li><span data-paged=\"2\" class=\"next page-numbers\" >Tjet\u00ebr<\/span><\/li>\t\t\t\t\t\t\t\t<\/div>\n\t\t\t\t\t\t\t\t\t\t\t\t\t<\/div>\n\t\t\t\t<\/div>\n\t\t\t<\/div>\n\n\t\t\t\t\t\t<\/div>\n\t\t\t\t<\/div>\n\t\t\t\t\t<\/div>\n\t\t\t\t<\/div>\n\t\t\t\t<\/div>\n\t\t","protected":false},"excerpt":{"rendered":"<p>K\u00ebrko p\u00ebr rezervim Data e marjes Nisja Select LocationHjustonHoustonTeksasTexasSan Jose, CASan Jose, CASan Diego, CASan Diego, CAUashingtonWashingtonLos Anxhelos, CALos Angeles, CANju JorkNew York Data e dor\u00ebzimit Mb\u00ebrritja Select LocationHjustonHoustonTeksasTexasSan Jose, CASan Jose, CASan Diego, CASan Diego, CAUashingtonWashingtonLos Anxhelos, CALos Angeles, CANju JorkNew York K\u00ebrko 16 Results Found (Showing 1-6) Sort By Newest First Oldest First [&hellip;]<\/p>\n","protected":false},"author":1,"featured_media":0,"parent":0,"menu_order":0,"comment_status":"closed","ping_status":"closed","template":"elementor_theme","meta":{"footnotes":""},"class_list":["post-7466","page","type-page","status-publish","hentry"],"yoast_head":"<!-- This site is optimized with the Yoast SEO plugin v27.3 - https:\/\/yoast.com\/product\/yoast-seo-wordpress\/ -->\n<title>Lista e k\u00ebrkimit t\u00eb makinave - 2a Rent<\/title>\n<meta name=\"robots\" content=\"index, follow, max-snippet:-1, max-image-preview:large, max-video-preview:-1\" \/>\n<link rel=\"canonical\" href=\"https:\/\/2arent.al\/sq\/lista-e-kerkimit-te-makinave\/\" \/>\n<meta property=\"og:locale\" content=\"sq_AL\" \/>\n<meta property=\"og:type\" content=\"article\" \/>\n<meta property=\"og:title\" content=\"Lista e k\u00ebrkimit t\u00eb makinave - 2a Rent\" \/>\n<meta property=\"og:description\" content=\"K\u00ebrko p\u00ebr rezervim Data e marjes Nisja Select LocationHjustonHoustonTeksasTexasSan Jose, CASan Jose, CASan Diego, CASan Diego, CAUashingtonWashingtonLos Anxhelos, CALos Angeles, CANju JorkNew York Data e dor\u00ebzimit Mb\u00ebrritja Select LocationHjustonHoustonTeksasTexasSan Jose, CASan Jose, CASan Diego, CASan Diego, CAUashingtonWashingtonLos Anxhelos, CALos Angeles, CANju JorkNew York K\u00ebrko 16 Results Found (Showing 1-6) Sort By Newest First Oldest First [&hellip;]\" \/>\n<meta property=\"og:url\" content=\"https:\/\/2arent.al\/sq\/lista-e-kerkimit-te-makinave\/\" \/>\n<meta property=\"og:site_name\" content=\"2a Rent\" \/>\n<meta property=\"article:modified_time\" content=\"2025-01-23T20:46:02+00:00\" \/>\n<meta name=\"twitter:card\" content=\"summary_large_image\" \/>\n<script type=\"application\/ld+json\" class=\"yoast-schema-graph\">{\"@context\":\"https:\\\/\\\/schema.org\",\"@graph\":[{\"@type\":\"WebPage\",\"@id\":\"https:\\\/\\\/2arent.al\\\/sq\\\/lista-e-kerkimit-te-makinave\\\/\",\"url\":\"https:\\\/\\\/2arent.al\\\/sq\\\/lista-e-kerkimit-te-makinave\\\/\",\"name\":\"Lista e k\u00ebrkimit t\u00eb makinave - 2a Rent\",\"isPartOf\":{\"@id\":\"https:\\\/\\\/2arent.al\\\/sq\\\/#website\"},\"datePublished\":\"2023-10-17T09:06:15+00:00\",\"dateModified\":\"2025-01-23T20:46:02+00:00\",\"breadcrumb\":{\"@id\":\"https:\\\/\\\/2arent.al\\\/sq\\\/lista-e-kerkimit-te-makinave\\\/#breadcrumb\"},\"inLanguage\":\"sq-AL\",\"potentialAction\":[{\"@type\":\"ReadAction\",\"target\":[\"https:\\\/\\\/2arent.al\\\/sq\\\/lista-e-kerkimit-te-makinave\\\/\"]}]},{\"@type\":\"BreadcrumbList\",\"@id\":\"https:\\\/\\\/2arent.al\\\/sq\\\/lista-e-kerkimit-te-makinave\\\/#breadcrumb\",\"itemListElement\":[{\"@type\":\"ListItem\",\"position\":1,\"name\":\"Home\",\"item\":\"https:\\\/\\\/2arent.al\\\/sq\\\/\"},{\"@type\":\"ListItem\",\"position\":2,\"name\":\"Lista e k\u00ebrkimit t\u00eb makinave\"}]},{\"@type\":\"WebSite\",\"@id\":\"https:\\\/\\\/2arent.al\\\/sq\\\/#website\",\"url\":\"https:\\\/\\\/2arent.al\\\/sq\\\/\",\"name\":\"2a Rent\",\"description\":\"\",\"publisher\":{\"@id\":\"https:\\\/\\\/2arent.al\\\/sq\\\/#organization\"},\"potentialAction\":[{\"@type\":\"SearchAction\",\"target\":{\"@type\":\"EntryPoint\",\"urlTemplate\":\"https:\\\/\\\/2arent.al\\\/sq\\\/?s={search_term_string}\"},\"query-input\":{\"@type\":\"PropertyValueSpecification\",\"valueRequired\":true,\"valueName\":\"search_term_string\"}}],\"inLanguage\":\"sq-AL\"},{\"@type\":\"Organization\",\"@id\":\"https:\\\/\\\/2arent.al\\\/sq\\\/#organization\",\"name\":\"2a Rent\",\"url\":\"https:\\\/\\\/2arent.al\\\/sq\\\/\",\"logo\":{\"@type\":\"ImageObject\",\"inLanguage\":\"sq-AL\",\"@id\":\"https:\\\/\\\/2arent.al\\\/sq\\\/#\\\/schema\\\/logo\\\/image\\\/\",\"url\":\"https:\\\/\\\/2arent.al\\\/wp-content\\\/uploads\\\/2023\\\/10\\\/logo2arent.png\",\"contentUrl\":\"https:\\\/\\\/2arent.al\\\/wp-content\\\/uploads\\\/2023\\\/10\\\/logo2arent.png\",\"width\":326,\"height\":155,\"caption\":\"2a Rent\"},\"image\":{\"@id\":\"https:\\\/\\\/2arent.al\\\/sq\\\/#\\\/schema\\\/logo\\\/image\\\/\"}}]}<\/script>\n<!-- \/ Yoast SEO plugin. -->","yoast_head_json":{"title":"Lista e k\u00ebrkimit t\u00eb makinave - 2a Rent","robots":{"index":"index","follow":"follow","max-snippet":"max-snippet:-1","max-image-preview":"max-image-preview:large","max-video-preview":"max-video-preview:-1"},"canonical":"https:\/\/2arent.al\/sq\/lista-e-kerkimit-te-makinave\/","og_locale":"sq_AL","og_type":"article","og_title":"Lista e k\u00ebrkimit t\u00eb makinave - 2a Rent","og_description":"K\u00ebrko p\u00ebr rezervim Data e marjes Nisja Select LocationHjustonHoustonTeksasTexasSan Jose, CASan Jose, CASan Diego, CASan Diego, CAUashingtonWashingtonLos Anxhelos, CALos Angeles, CANju JorkNew York Data e dor\u00ebzimit Mb\u00ebrritja Select LocationHjustonHoustonTeksasTexasSan Jose, CASan Jose, CASan Diego, CASan Diego, CAUashingtonWashingtonLos Anxhelos, CALos Angeles, CANju JorkNew York K\u00ebrko 16 Results Found (Showing 1-6) Sort By Newest First Oldest First [&hellip;]","og_url":"https:\/\/2arent.al\/sq\/lista-e-kerkimit-te-makinave\/","og_site_name":"2a Rent","article_modified_time":"2025-01-23T20:46:02+00:00","twitter_card":"summary_large_image","schema":{"@context":"https:\/\/schema.org","@graph":[{"@type":"WebPage","@id":"https:\/\/2arent.al\/sq\/lista-e-kerkimit-te-makinave\/","url":"https:\/\/2arent.al\/sq\/lista-e-kerkimit-te-makinave\/","name":"Lista e k\u00ebrkimit t\u00eb makinave - 2a Rent","isPartOf":{"@id":"https:\/\/2arent.al\/sq\/#website"},"datePublished":"2023-10-17T09:06:15+00:00","dateModified":"2025-01-23T20:46:02+00:00","breadcrumb":{"@id":"https:\/\/2arent.al\/sq\/lista-e-kerkimit-te-makinave\/#breadcrumb"},"inLanguage":"sq-AL","potentialAction":[{"@type":"ReadAction","target":["https:\/\/2arent.al\/sq\/lista-e-kerkimit-te-makinave\/"]}]},{"@type":"BreadcrumbList","@id":"https:\/\/2arent.al\/sq\/lista-e-kerkimit-te-makinave\/#breadcrumb","itemListElement":[{"@type":"ListItem","position":1,"name":"Home","item":"https:\/\/2arent.al\/sq\/"},{"@type":"ListItem","position":2,"name":"Lista e k\u00ebrkimit t\u00eb makinave"}]},{"@type":"WebSite","@id":"https:\/\/2arent.al\/sq\/#website","url":"https:\/\/2arent.al\/sq\/","name":"2a Rent","description":"","publisher":{"@id":"https:\/\/2arent.al\/sq\/#organization"},"potentialAction":[{"@type":"SearchAction","target":{"@type":"EntryPoint","urlTemplate":"https:\/\/2arent.al\/sq\/?s={search_term_string}"},"query-input":{"@type":"PropertyValueSpecification","valueRequired":true,"valueName":"search_term_string"}}],"inLanguage":"sq-AL"},{"@type":"Organization","@id":"https:\/\/2arent.al\/sq\/#organization","name":"2a Rent","url":"https:\/\/2arent.al\/sq\/","logo":{"@type":"ImageObject","inLanguage":"sq-AL","@id":"https:\/\/2arent.al\/sq\/#\/schema\/logo\/image\/","url":"https:\/\/2arent.al\/wp-content\/uploads\/2023\/10\/logo2arent.png","contentUrl":"https:\/\/2arent.al\/wp-content\/uploads\/2023\/10\/logo2arent.png","width":326,"height":155,"caption":"2a Rent"},"image":{"@id":"https:\/\/2arent.al\/sq\/#\/schema\/logo\/image\/"}}]}},"_links":{"self":[{"href":"https:\/\/2arent.al\/sq\/wp-json\/wp\/v2\/pages\/7466","targetHints":{"allow":["GET"]}}],"collection":[{"href":"https:\/\/2arent.al\/sq\/wp-json\/wp\/v2\/pages"}],"about":[{"href":"https:\/\/2arent.al\/sq\/wp-json\/wp\/v2\/types\/page"}],"author":[{"embeddable":true,"href":"https:\/\/2arent.al\/sq\/wp-json\/wp\/v2\/users\/1"}],"replies":[{"embeddable":true,"href":"https:\/\/2arent.al\/sq\/wp-json\/wp\/v2\/comments?post=7466"}],"version-history":[{"count":20,"href":"https:\/\/2arent.al\/sq\/wp-json\/wp\/v2\/pages\/7466\/revisions"}],"predecessor-version":[{"id":8070,"href":"https:\/\/2arent.al\/sq\/wp-json\/wp\/v2\/pages\/7466\/revisions\/8070"}],"wp:attachment":[{"href":"https:\/\/2arent.al\/sq\/wp-json\/wp\/v2\/media?parent=7466"}],"curies":[{"name":"wp","href":"https:\/\/api.w.org\/{rel}","templated":true}]}}